{"id":40766,"date":"2021-04-08T05:49:52","date_gmt":"2021-04-08T03:49:52","guid":{"rendered":"https:\/\/nitesco.it\/termini\/"},"modified":"2025-07-18T16:39:36","modified_gmt":"2025-07-18T14:39:36","slug":"termini","status":"publish","type":"page","link":"https:\/\/nitesco.it\/fr\/termini\/","title":{"rendered":"Conditions g\u00e9n\u00e9rales d&rsquo;utilisation"},"content":{"rendered":"\t\t<div data-elementor-type=\"wp-page\" data-elementor-id=\"40766\" class=\"elementor elementor-40766 elementor-6219\" data-elementor-post-type=\"page\">\n\t\t\t\t\t\t<section class=\"elementor-section elementor-top-section elementor-element elementor-element-ccc54cc elementor-section-boxed elementor-section-height-default elementor-section-height-default\" data-id=\"ccc54cc\" data-element_type=\"section\">\n\t\t\t\t\t\t<div class=\"elementor-container elementor-column-gap-default\">\n\t\t\t\t\t<div class=\"elementor-column elementor-col-100 elementor-top-column elementor-element elementor-element-d62d712\" data-id=\"d62d712\" data-element_type=\"column\">\n\t\t\t<div class=\"elementor-widget-wrap elementor-element-populated\">\n\t\t\t\t\t\t<div class=\"elementor-element elementor-element-d80e498 elementor-widget elementor-widget-text-editor\" data-id=\"d80e498\" data-element_type=\"widget\" data-widget_type=\"text-editor.default\">\n\t\t\t\t\t\t\t\t\tA propos de nous \/ <strong>Conditions d&rsquo;utilisation<\/strong>\t\t\t\t\t\t\t\t<\/div>\n\t\t\t\t\t<\/div>\n\t\t<\/div>\n\t\t\t\t\t<\/div>\n\t\t<\/section>\n\t\t\t\t<section class=\"elementor-section elementor-top-section elementor-element elementor-element-764c594 elementor-section-boxed elementor-section-height-default elementor-section-height-default\" data-id=\"764c594\" data-element_type=\"section\">\n\t\t\t\t\t\t<div class=\"elementor-container elementor-column-gap-default\">\n\t\t\t\t\t<div class=\"elementor-column elementor-col-100 elementor-top-column elementor-element elementor-element-d956c14\" data-id=\"d956c14\" data-element_type=\"column\">\n\t\t\t<div class=\"elementor-widget-wrap elementor-element-populated\">\n\t\t\t\t\t\t<div class=\"elementor-element elementor-element-a96ae60 elementor-widget elementor-widget-heading\" data-id=\"a96ae60\" data-element_type=\"widget\" data-widget_type=\"heading.default\">\n\t\t\t\t\t<h1 class=\"elementor-heading-title elementor-size-default\"><span style=\"color:#000000\">Conditions g\u00e9n\u00e9rales d'utilisation<\/span> <\/h1>\t\t\t\t<\/div>\n\t\t\t\t\t<\/div>\n\t\t<\/div>\n\t\t\t\t\t<\/div>\n\t\t<\/section>\n\t\t\t\t<section class=\"elementor-section elementor-top-section elementor-element elementor-element-b6894a4 elementor-section-boxed elementor-section-height-default elementor-section-height-default\" data-id=\"b6894a4\" data-element_type=\"section\">\n\t\t\t\t\t\t<div class=\"elementor-container elementor-column-gap-default\">\n\t\t\t\t\t<div class=\"elementor-column elementor-col-100 elementor-top-column elementor-element elementor-element-56fe33b\" data-id=\"56fe33b\" data-element_type=\"column\">\n\t\t\t<div class=\"elementor-widget-wrap elementor-element-populated\">\n\t\t\t\t\t\t<div class=\"elementor-element elementor-element-253f218 elementor-widget elementor-widget-text-editor\" data-id=\"253f218\" data-element_type=\"widget\" data-widget_type=\"text-editor.default\">\n\t\t\t\t\t\t\t\t\t<strong>1.<\/strong> La pr\u00e9sente politique s&rsquo;applique aux contenus accessibles sans n\u00e9cessit\u00e9 d&rsquo;enregistrement (ci-apr\u00e8s : \u00ab\u00a0Contenus\u00a0\u00bb) \u00e0 travers le site web www.nitesco.it (ci-apr\u00e8s : \u00ab\u00a0Site\u00a0\u00bb) appartenant \u00e0 la soci\u00e9t\u00e9 Nitesco International srl, dont le si\u00e8ge social est situ\u00e9 Via Montenapoleone 8 &#8211; Milan (MI) (ci-apr\u00e8s : \u00ab\u00a0NITESCO\u00a0\u00bb).\n<br><br><strong>2.<\/strong> Le Site ne constitue pas un journal et n&rsquo;est pas un produit \u00e9ditorial, n&rsquo;a pas de caract\u00e8re p\u00e9riodique et est mis \u00e0 jour sur la base de choix totalement discr\u00e9tionnaires de NITESCO.\n<br><br><strong>3.<\/strong> Le contenu est \u00e9dit\u00e9 au mieux de nos capacit\u00e9s afin de le rendre aussi exempt d&rsquo;erreurs que possible, mais nous ne garantissons pas qu&rsquo;il n&rsquo;y a pas d&rsquo;inexactitudes ou d&rsquo;inexactitudes, m\u00eame lorsqu&rsquo;il est mis \u00e0 jour. NITESCO se r\u00e9serve \u00e9galement le droit de modifier, d&rsquo;ajouter ou de supprimer tout ou partie du contenu, ainsi que de suspendre, de r\u00e9silier ou de limiter l&rsquo;acc\u00e8s au site ou au contenu \u00e0 tout moment et sans pr\u00e9avis, \u00e0 sa seule discr\u00e9tion. \n<br><br><strong>4.<\/strong> L&rsquo;acc\u00e8s au Site est gratuit et facultatif et l&rsquo;Utilisateur, en naviguant sur les pages web correspondantes, d\u00e9clare accepter d&rsquo;\u00eatre soumis \u00e0 toutes les r\u00e9glementations en vigueur en Italie, le cas \u00e9ch\u00e9ant. En particulier, il est pr\u00e9cis\u00e9 que : \n<br><br><strong>5.<\/strong> Tous les contenus du site sont prot\u00e9g\u00e9s par les lois en vigueur sur les droits d&rsquo;auteur (loi n\u00b0 633 de 1941). L&rsquo;Utilisateur n&rsquo;a pas le droit de s&rsquo;approprier, reproduire, modifier, traduire, distribuer, republier sous quelque forme que ce soit, m\u00eame partiellement, ou en tout cas d&rsquo;utiliser les Contenus du Site \u00e0 des fins professionnelles et\/ou li\u00e9es \u00e0 son activit\u00e9 professionnelle ou \u00e0 celle d&rsquo;autrui. \n<br><br><strong>6.<\/strong> En particulier, toute utilisation, \u00e0 des fins professionnelles et\/ou li\u00e9es \u00e0 ses propres activit\u00e9s professionnelles ou \u00e0 celles d&rsquo;autrui, des donn\u00e9es, informations et images publi\u00e9es sur le Site par leur reproduction totale et\/ou partielle, de quelque mani\u00e8re que ce soit, sur d&rsquo;autres sites Internet, et notamment sur ceux offrant des services et produits similaires \u00e0 ceux propos\u00e9s par NITESCO et plus g\u00e9n\u00e9ralement par tout autre moyen de communication, est express\u00e9ment interdite.\n<br><br><strong>7.<\/strong> En revanche, l&rsquo;utilisation des contenus \u00e0 des fins personnelles reste libre, \u00e0 condition de ne pas porter atteinte aux droits moraux et\/ou aux droits de propri\u00e9t\u00e9 des propri\u00e9taires l\u00e9gitimes des diff\u00e9rents contenus.\n<br><br><strong>8.<\/strong> Les marques et\/ou tout autre signe distinctif pr\u00e9sents sur le Site sont la propri\u00e9t\u00e9 de NITESCO et\/ou de tiers et ne peuvent en aucun cas et pour quelque raison que ce soit \u00eatre utilis\u00e9s sans l&rsquo;autorisation \u00e9crite des propri\u00e9taires respectifs. Il est donc interdit d&rsquo;utiliser les marques et\/ou les signes distinctifs appartenant \u00e0 NITESCO et\/ou \u00e0 des tiers sous quelque forme et de quelque mani\u00e8re que ce soit, y compris, \u00e0 titre d&rsquo;exemple mais sans s&rsquo;y limiter, comme nom d&rsquo;utilisateur et\/ou nom de domaine avec n&rsquo;importe quelle extension, m\u00eame de deuxi\u00e8me niveau et\/ou de niveau sup\u00e9rieur. \n<br><br><strong>9.<\/strong> La documentation, les images, les polices de caract\u00e8res, les graphiques, les logiciels et autres contenus du site, ainsi que tous les codes et scripts de formatage permettant de mettre en \u0153uvre le site, sont la propri\u00e9t\u00e9 de NITESCO et\/ou de tiers et sont prot\u00e9g\u00e9s par les r\u00e9glementations respectivement applicables.\n<br><br><strong>10.<\/strong> Vous reconnaissez que vous utilisez le site \u00e0 votre seule et unique discr\u00e9tion. Le contenu est fourni \u00ab\u00a0en l&rsquo;\u00e9tat\u00a0\u00bb et \u00ab\u00a0tel que disponible\u00a0\u00bb. Toute garantie de la part de NITESCO, expresse et\/ou implicite, est express\u00e9ment exclue. NITESCO ne garantit pas que le contenu r\u00e9pondra \u00e0 vos exigences, ou qu&rsquo;il sera fourni sans interruption, en temps opportun, sans inexactitudes, ou que toute erreur de quelque nature que ce soit sera corrig\u00e9e.   \n<br><br><strong>11.<\/strong> Aucun avis, conseil ou information, qu&rsquo;il soit \u00e9crit ou oral, qui vous est donn\u00e9 par NITESCO ou obtenu par ou gr\u00e2ce \u00e0 tout ou partie du contenu n&rsquo;implique de garantie.\n<br><br><strong>12.<\/strong> Le site peut contenir des liens vers des sites Internet exploit\u00e9s par des tiers, mais NITESCO n&rsquo;est pas responsable de leur contenu. L&rsquo;inclusion de ces liens sur le site n&rsquo;implique pas la reconnaissance par l&rsquo;UNESCO d&rsquo;une quelconque association avec les exploitants de ces sites. \n<br><br><strong>13.<\/strong> La relation entre NITESCO et l&rsquo;utilisateur ne peut en aucun cas \u00eatre consid\u00e9r\u00e9e comme une relation de conseil et\/ou professionnelle.\n<br><br><strong>14.<\/strong> Seule la page d&rsquo;accueil du Site peut faire l&rsquo;objet d&rsquo;un lien libre et NITESCO doit \u00eatre inform\u00e9 de cette circonstance en envoyant un e-mail \u00e0 <a href=\"mailto:info@nitesco.it\">info@nitesco.it.<\/a> En revanche, il est express\u00e9ment interdit de rendre le Site visible par framing, deep linking ou mirroring sans autorisation \u00e9crite pr\u00e9alable en envoyant un e-mail \u00e0 NITESCO \u00e0 l&rsquo;adresse <a href=\"mailto:info@nitesco.it\">info@nitesco.it.<\/a> \n<br><br><strong>15.<\/strong> Le Site utilise des syst\u00e8mes automatiques de collecte d&rsquo;informations sur l&rsquo;Utilisateur tels que des balises web et des cookies dans le seul but de faciliter la navigation.\t\t\t\t\t\t\t\t<\/div>\n\t\t\t\t\t<\/div>\n\t\t<\/div>\n\t\t\t\t\t<\/div>\n\t\t<\/section>\n\t\t\t\t<\/div>\n\t\t","protected":false},"excerpt":{"rendered":"<p>A propos de nous \/ Conditions d&rsquo;utilisation Conditions g\u00e9n\u00e9rales d&rsquo;utilisation 1. La pr\u00e9sente politique s&rsquo;applique aux contenus accessibles sans n\u00e9cessit\u00e9 d&rsquo;enregistrement (ci-apr\u00e8s : \u00ab\u00a0Contenus\u00a0\u00bb) \u00e0 travers le site web www.nitesco.it (ci-apr\u00e8s : \u00ab\u00a0Site\u00a0\u00bb) appartenant \u00e0 la soci\u00e9t\u00e9 Nitesco International srl, dont le si\u00e8ge social est situ\u00e9 Via Montenapoleone 8 &#8211; Milan (MI) (ci-apr\u00e8s : \u00ab\u00a0NITESCO\u00a0\u00bb). [&hellip;]<\/p>\n","protected":false},"author":8,"featured_media":0,"parent":0,"menu_order":0,"comment_status":"closed","ping_status":"closed","template":"elementor_header_footer","meta":{"footnotes":""},"class_list":["post-40766","page","type-page","status-publish","hentry"],"yoast_head":"<!-- This site is optimized with the Yoast SEO plugin v26.3 - https:\/\/yoast.com\/wordpress\/plugins\/seo\/ -->\n<title>Conditions g\u00e9n\u00e9rales d&#039;utilisation - Nitesco<\/title>\n<meta name=\"robots\" content=\"index, follow, max-snippet:-1, max-image-preview:large, max-video-preview:-1\" \/>\n<link rel=\"canonical\" href=\"https:\/\/nitesco.it\/fr\/termini\/\" \/>\n<meta property=\"og:locale\" content=\"fr_FR\" \/>\n<meta property=\"og:type\" content=\"article\" \/>\n<meta property=\"og:title\" content=\"Conditions g\u00e9n\u00e9rales d&#039;utilisation - Nitesco\" \/>\n<meta property=\"og:description\" content=\"A propos de nous \/ Conditions d&rsquo;utilisation Conditions g\u00e9n\u00e9rales d&rsquo;utilisation 1. La pr\u00e9sente politique s&rsquo;applique aux contenus accessibles sans n\u00e9cessit\u00e9 d&rsquo;enregistrement (ci-apr\u00e8s : \u00ab\u00a0Contenus\u00a0\u00bb) \u00e0 travers le site web www.nitesco.it (ci-apr\u00e8s : \u00ab\u00a0Site\u00a0\u00bb) appartenant \u00e0 la soci\u00e9t\u00e9 Nitesco International srl, dont le si\u00e8ge social est situ\u00e9 Via Montenapoleone 8 &#8211; Milan (MI) (ci-apr\u00e8s : \u00ab\u00a0NITESCO\u00a0\u00bb). [&hellip;]\" \/>\n<meta property=\"og:url\" content=\"https:\/\/nitesco.it\/fr\/termini\/\" \/>\n<meta property=\"og:site_name\" content=\"Nitesco\" \/>\n<meta property=\"article:publisher\" content=\"https:\/\/www.facebook.com\/Nitesco\" \/>\n<meta property=\"article:modified_time\" content=\"2025-07-18T14:39:36+00:00\" \/>\n<meta name=\"twitter:card\" content=\"summary_large_image\" \/>\n<meta name=\"twitter:label1\" content=\"Dur\u00e9e de lecture estim\u00e9e\" \/>\n\t<meta name=\"twitter:data1\" content=\"4 minutes\" \/>\n<script type=\"application\/ld+json\" class=\"yoast-schema-graph\">{\"@context\":\"https:\/\/schema.org\",\"@graph\":[{\"@type\":\"WebPage\",\"@id\":\"https:\/\/nitesco.it\/fr\/termini\/\",\"url\":\"https:\/\/nitesco.it\/fr\/termini\/\",\"name\":\"Conditions g\u00e9n\u00e9rales d'utilisation - Nitesco\",\"isPartOf\":{\"@id\":\"https:\/\/nitesco.it\/#website\"},\"datePublished\":\"2021-04-08T03:49:52+00:00\",\"dateModified\":\"2025-07-18T14:39:36+00:00\",\"breadcrumb\":{\"@id\":\"https:\/\/nitesco.it\/fr\/termini\/#breadcrumb\"},\"inLanguage\":\"fr-FR\",\"potentialAction\":[{\"@type\":\"ReadAction\",\"target\":[\"https:\/\/nitesco.it\/fr\/termini\/\"]}]},{\"@type\":\"BreadcrumbList\",\"@id\":\"https:\/\/nitesco.it\/fr\/termini\/#breadcrumb\",\"itemListElement\":[{\"@type\":\"ListItem\",\"position\":1,\"name\":\"Home\",\"item\":\"https:\/\/nitesco.it\/fr\/home\/\"},{\"@type\":\"ListItem\",\"position\":2,\"name\":\"Conditions g\u00e9n\u00e9rales d&#8217;utilisation\"}]},{\"@type\":\"WebSite\",\"@id\":\"https:\/\/nitesco.it\/#website\",\"url\":\"https:\/\/nitesco.it\/\",\"name\":\"Nitesco\",\"description\":\"Contract per Horeca\",\"publisher\":{\"@id\":\"https:\/\/nitesco.it\/#organization\"},\"potentialAction\":[{\"@type\":\"SearchAction\",\"target\":{\"@type\":\"EntryPoint\",\"urlTemplate\":\"https:\/\/nitesco.it\/?s={search_term_string}\"},\"query-input\":{\"@type\":\"PropertyValueSpecification\",\"valueRequired\":true,\"valueName\":\"search_term_string\"}}],\"inLanguage\":\"fr-FR\"},{\"@type\":\"Organization\",\"@id\":\"https:\/\/nitesco.it\/#organization\",\"name\":\"Nitesco International S.p.A.\",\"url\":\"https:\/\/nitesco.it\/\",\"logo\":{\"@type\":\"ImageObject\",\"inLanguage\":\"fr-FR\",\"@id\":\"https:\/\/nitesco.it\/#\/schema\/logo\/image\/\",\"url\":\"https:\/\/nitesco.it\/wp-content\/uploads\/2021\/02\/Logo-Nitesco-e1736502433956.png\",\"contentUrl\":\"https:\/\/nitesco.it\/wp-content\/uploads\/2021\/02\/Logo-Nitesco-e1736502433956.png\",\"width\":249,\"height\":45,\"caption\":\"Nitesco International S.p.A.\"},\"image\":{\"@id\":\"https:\/\/nitesco.it\/#\/schema\/logo\/image\/\"},\"sameAs\":[\"https:\/\/www.facebook.com\/Nitesco\",\"https:\/\/www.instagram.com\/nitesco.it\/\",\"https:\/\/www.linkedin.com\/company\/nitesco-international-spa\/\"]}]}<\/script>\n<!-- \/ Yoast SEO plugin. -->","yoast_head_json":{"title":"Conditions g\u00e9n\u00e9rales d'utilisation - Nitesco","robots":{"index":"index","follow":"follow","max-snippet":"max-snippet:-1","max-image-preview":"max-image-preview:large","max-video-preview":"max-video-preview:-1"},"canonical":"https:\/\/nitesco.it\/fr\/termini\/","og_locale":"fr_FR","og_type":"article","og_title":"Conditions g\u00e9n\u00e9rales d'utilisation - Nitesco","og_description":"A propos de nous \/ Conditions d&rsquo;utilisation Conditions g\u00e9n\u00e9rales d&rsquo;utilisation 1. La pr\u00e9sente politique s&rsquo;applique aux contenus accessibles sans n\u00e9cessit\u00e9 d&rsquo;enregistrement (ci-apr\u00e8s : \u00ab\u00a0Contenus\u00a0\u00bb) \u00e0 travers le site web www.nitesco.it (ci-apr\u00e8s : \u00ab\u00a0Site\u00a0\u00bb) appartenant \u00e0 la soci\u00e9t\u00e9 Nitesco International srl, dont le si\u00e8ge social est situ\u00e9 Via Montenapoleone 8 &#8211; Milan (MI) (ci-apr\u00e8s : \u00ab\u00a0NITESCO\u00a0\u00bb). [&hellip;]","og_url":"https:\/\/nitesco.it\/fr\/termini\/","og_site_name":"Nitesco","article_publisher":"https:\/\/www.facebook.com\/Nitesco","article_modified_time":"2025-07-18T14:39:36+00:00","twitter_card":"summary_large_image","twitter_misc":{"Dur\u00e9e de lecture estim\u00e9e":"4 minutes"},"schema":{"@context":"https:\/\/schema.org","@graph":[{"@type":"WebPage","@id":"https:\/\/nitesco.it\/fr\/termini\/","url":"https:\/\/nitesco.it\/fr\/termini\/","name":"Conditions g\u00e9n\u00e9rales d'utilisation - Nitesco","isPartOf":{"@id":"https:\/\/nitesco.it\/#website"},"datePublished":"2021-04-08T03:49:52+00:00","dateModified":"2025-07-18T14:39:36+00:00","breadcrumb":{"@id":"https:\/\/nitesco.it\/fr\/termini\/#breadcrumb"},"inLanguage":"fr-FR","potentialAction":[{"@type":"ReadAction","target":["https:\/\/nitesco.it\/fr\/termini\/"]}]},{"@type":"BreadcrumbList","@id":"https:\/\/nitesco.it\/fr\/termini\/#breadcrumb","itemListElement":[{"@type":"ListItem","position":1,"name":"Home","item":"https:\/\/nitesco.it\/fr\/home\/"},{"@type":"ListItem","position":2,"name":"Conditions g\u00e9n\u00e9rales d&#8217;utilisation"}]},{"@type":"WebSite","@id":"https:\/\/nitesco.it\/#website","url":"https:\/\/nitesco.it\/","name":"Nitesco","description":"Contract per Horeca","publisher":{"@id":"https:\/\/nitesco.it\/#organization"},"potentialAction":[{"@type":"SearchAction","target":{"@type":"EntryPoint","urlTemplate":"https:\/\/nitesco.it\/?s={search_term_string}"},"query-input":{"@type":"PropertyValueSpecification","valueRequired":true,"valueName":"search_term_string"}}],"inLanguage":"fr-FR"},{"@type":"Organization","@id":"https:\/\/nitesco.it\/#organization","name":"Nitesco International S.p.A.","url":"https:\/\/nitesco.it\/","logo":{"@type":"ImageObject","inLanguage":"fr-FR","@id":"https:\/\/nitesco.it\/#\/schema\/logo\/image\/","url":"https:\/\/nitesco.it\/wp-content\/uploads\/2021\/02\/Logo-Nitesco-e1736502433956.png","contentUrl":"https:\/\/nitesco.it\/wp-content\/uploads\/2021\/02\/Logo-Nitesco-e1736502433956.png","width":249,"height":45,"caption":"Nitesco International S.p.A."},"image":{"@id":"https:\/\/nitesco.it\/#\/schema\/logo\/image\/"},"sameAs":["https:\/\/www.facebook.com\/Nitesco","https:\/\/www.instagram.com\/nitesco.it\/","https:\/\/www.linkedin.com\/company\/nitesco-international-spa\/"]}]}},"_links":{"self":[{"href":"https:\/\/nitesco.it\/fr\/wp-json\/wp\/v2\/pages\/40766","targetHints":{"allow":["GET"]}}],"collection":[{"href":"https:\/\/nitesco.it\/fr\/wp-json\/wp\/v2\/pages"}],"about":[{"href":"https:\/\/nitesco.it\/fr\/wp-json\/wp\/v2\/types\/page"}],"author":[{"embeddable":true,"href":"https:\/\/nitesco.it\/fr\/wp-json\/wp\/v2\/users\/8"}],"replies":[{"embeddable":true,"href":"https:\/\/nitesco.it\/fr\/wp-json\/wp\/v2\/comments?post=40766"}],"version-history":[{"count":0,"href":"https:\/\/nitesco.it\/fr\/wp-json\/wp\/v2\/pages\/40766\/revisions"}],"wp:attachment":[{"href":"https:\/\/nitesco.it\/fr\/wp-json\/wp\/v2\/media?parent=40766"}],"curies":[{"name":"wp","href":"https:\/\/api.w.org\/{rel}","templated":true}]}}