{"id":40784,"date":"2021-04-09T07:32:29","date_gmt":"2021-04-09T05:32:29","guid":{"rendered":"https:\/\/nitesco.it\/accesso\/"},"modified":"2026-04-03T17:51:36","modified_gmt":"2026-04-03T15:51:36","slug":"accesso","status":"publish","type":"page","link":"https:\/\/nitesco.it\/es\/accesso\/","title":{"rendered":"\u00c1rea restringida de acceso"},"content":{"rendered":"\t\t<div data-elementor-type=\"wp-page\" data-elementor-id=\"40784\" class=\"elementor elementor-40784 elementor-6267\" data-elementor-post-type=\"page\">\n\t\t\t\t<div class=\"elementor-element elementor-element-492f1ec e-flex e-con-boxed e-con e-parent\" data-id=\"492f1ec\" data-element_type=\"container\">\n\t\t\t\t\t<div class=\"e-con-inner\">\n\t\t\t\t<div class=\"elementor-element elementor-element-86ca4ac elementor-widget elementor-widget-spacer\" data-id=\"86ca4ac\" data-element_type=\"widget\" data-widget_type=\"spacer.default\">\n\t\t\t\t\t\t\t<div class=\"elementor-spacer\">\n\t\t\t<div class=\"elementor-spacer-inner\"><\/div>\n\t\t<\/div>\n\t\t\t\t\t\t<\/div>\n\t\t\t\t<div class=\"elementor-element elementor-element-f96e024 elementor-widget-divider--view-line elementor-widget elementor-widget-divider\" data-id=\"f96e024\" data-element_type=\"widget\" data-widget_type=\"divider.default\">\n\t\t\t\t\t\t\t<div class=\"elementor-divider\">\n\t\t\t<span class=\"elementor-divider-separator\">\n\t\t\t\t\t\t<\/span>\n\t\t<\/div>\n\t\t\t\t\t\t<\/div>\n\t\t\t\t\t<\/div>\n\t\t\t\t<\/div>\n\t\t\t\t<section class=\"elementor-section elementor-top-section elementor-element elementor-element-eb060b7 elementor-section-boxed elementor-section-height-default elementor-section-height-default\" data-id=\"eb060b7\" data-element_type=\"section\">\n\t\t\t\t\t\t<div class=\"elementor-container elementor-column-gap-default\">\n\t\t\t\t\t<div class=\"elementor-column elementor-col-100 elementor-top-column elementor-element elementor-element-7011fc3\" data-id=\"7011fc3\" data-element_type=\"column\">\n\t\t\t<div class=\"elementor-widget-wrap elementor-element-populated\">\n\t\t\t\t\t\t<div class=\"elementor-element elementor-element-5ca7a09 elementor-widget elementor-widget-heading\" data-id=\"5ca7a09\" data-element_type=\"widget\" data-widget_type=\"heading.default\">\n\t\t\t\t\t<h2 class=\"elementor-heading-title elementor-size-default\">\u00c1rea restringida<\/h2>\t\t\t\t<\/div>\n\t\t\t\t\t<\/div>\n\t\t<\/div>\n\t\t\t\t\t<\/div>\n\t\t<\/section>\n\t\t\t\t<section class=\"elementor-section elementor-top-section elementor-element elementor-element-5d281da elementor-section-boxed elementor-section-height-default elementor-section-height-default\" data-id=\"5d281da\" data-element_type=\"section\">\n\t\t\t\t\t\t<div class=\"elementor-container elementor-column-gap-default\">\n\t\t\t\t\t<div class=\"elementor-column elementor-col-100 elementor-top-column elementor-element elementor-element-8724be7\" data-id=\"8724be7\" data-element_type=\"column\">\n\t\t\t<div class=\"elementor-widget-wrap elementor-element-populated\">\n\t\t\t\t\t\t<div class=\"elementor-element elementor-element-c396d03 elementor-widget elementor-widget-text-editor\" data-id=\"c396d03\" data-element_type=\"widget\" data-widget_type=\"text-editor.default\">\n\t\t\t\t\t\t\t\t\t<p>Bienvenido al \u00e1rea reservada de Nitesco.<br>Por favor, introduce tu nombre de usuario y contrase\u00f1a en el formulario.<\/p>\t\t\t\t\t\t\t\t<\/div>\n\t\t\t\t\t<\/div>\n\t\t<\/div>\n\t\t\t\t\t<\/div>\n\t\t<\/section>\n\t\t\t\t<section class=\"elementor-section elementor-top-section elementor-element elementor-element-b8d8a0c elementor-section-boxed elementor-section-height-default elementor-section-height-default\" data-id=\"b8d8a0c\" data-element_type=\"section\">\n\t\t\t\t\t\t<div class=\"elementor-container elementor-column-gap-default\">\n\t\t\t\t\t<div class=\"elementor-column elementor-col-100 elementor-top-column elementor-element elementor-element-7fe7a2e\" data-id=\"7fe7a2e\" data-element_type=\"column\">\n\t\t\t<div class=\"elementor-widget-wrap elementor-element-populated\">\n\t\t\t\t\t\t<div class=\"elementor-element elementor-element-358de98 elementor-widget elementor-widget-shortcode\" data-id=\"358de98\" data-element_type=\"widget\" data-widget_type=\"shortcode.default\">\n\t\t\t\t\t\t\t<div class=\"elementor-shortcode\"><\/div>\n\t\t\t\t\t\t<\/div>\n\t\t\t\t\t<\/div>\n\t\t<\/div>\n\t\t\t\t\t<\/div>\n\t\t<\/section>\n\t\t\t\t<section class=\"elementor-section elementor-top-section elementor-element elementor-element-db9681e elementor-section-boxed elementor-section-height-default elementor-section-height-default\" data-id=\"db9681e\" data-element_type=\"section\">\n\t\t\t\t\t\t<div class=\"elementor-container elementor-column-gap-default\">\n\t\t\t\t\t<div class=\"elementor-column elementor-col-100 elementor-top-column elementor-element elementor-element-2847120\" data-id=\"2847120\" data-element_type=\"column\">\n\t\t\t<div class=\"elementor-widget-wrap elementor-element-populated\">\n\t\t\t\t\t\t<div class=\"elementor-element elementor-element-77868d5 elementor-button-align-center elementor-widget elementor-widget-login\" data-id=\"77868d5\" data-element_type=\"widget\" data-widget_type=\"login.default\">\n\t\t\t\t\t\t\t<form class=\"elementor-login elementor-form\" method=\"post\" action=\"https:\/\/nitesco.it\/es\/wp-login.php\" aria-label=\"Fromulario de login\">\n\t\t\t<input type=\"hidden\" name=\"redirect_to\" value=\"https:\/\/nitesco.it\/area-riservata\/\">\n\t\t\t<div class=\"elementor-form-fields-wrapper\">\n\t\t\t\t<div class=\"elementor-field-type-text elementor-field-group elementor-column elementor-col-100 elementor-field-required\">\n\t\t\t\t\t<label for=\"user-77868d5\" class=\"elementor-field-label\">Nombre de usuario o direcci\u00f3n de correo electr\u00f3nico<\/label>\n\t\t\t\t\t<input size=\"1\" type=\"text\" name=\"log\" id=\"user-77868d5\" placeholder=\"\" class=\"elementor-field elementor-field-textual elementor-size-sm\">\n\t\t\t\t<\/div>\n\t\t\t\t<div class=\"elementor-field-type-text elementor-field-group elementor-column elementor-col-100 elementor-field-required\">\n\t\t\t\t\t<label for=\"password-77868d5\" class=\"elementor-field-label\">Contrase\u00f1a<\/label>\n\t\t\t\t\t<input size=\"1\" type=\"password\" name=\"pwd\" id=\"password-77868d5\" placeholder=\"\" class=\"elementor-field elementor-field-textual elementor-size-sm\">\n\t\t\t\t<\/div>\n\n\t\t\t\t\n\t\t\t\t<div class=\"elementor-field-group elementor-column elementor-field-type-submit elementor-col-100\">\n\t\t\t\t\t<button type=\"submit\" class=\"elementor-size-sm elementor-button\" name=\"wp-submit\">\n\t\t\t\t\t\t\t\t\t\t\t\t\t\t\t<span class=\"elementor-button-text\">Iniciar sesi\u00f3n<\/span>\n\t\t\t\t\t\t\t\t\t\t\t\t<\/button>\n\t\t\t\t<\/div>\n\n\t\t\t\t\t\t\t\t\t<div class=\"elementor-field-group elementor-column elementor-col-100\">\n\t\t\t\t\t\t\t\t\t\t\t\t\t\t\t\t\t\t\t\t<a class=\"elementor-lost-password\" href=\"https:\/\/nitesco.it\/es\/wp-login.php?action=lostpassword&redirect_to=https%3A%2F%2Fnitesco.it%2Farea-riservata%2F\">\n\t\t\t\t\t\t\t\t\u00bfOlvid\u00f3 su contrase\u00f1a?\t\t\t\t\t\t\t<\/a>\n\t\t\t\t\t\t\n\t\t\t\t\t\t\t\t\t\t\t<\/div>\n\t\t\t\t\t\t\t<\/div>\n\t\t<\/form>\n\t\t\t\t\t\t<\/div>\n\t\t\t\t\t<\/div>\n\t\t<\/div>\n\t\t\t\t\t<\/div>\n\t\t<\/section>\n\t\t<div class=\"elementor-element elementor-element-25a2f6d e-flex e-con-boxed e-con e-parent\" data-id=\"25a2f6d\" data-element_type=\"container\">\n\t\t\t\t\t<div class=\"e-con-inner\">\n\t\t\t\t\t<\/div>\n\t\t\t\t<\/div>\n\t\t\t\t<\/div>\n\t\t","protected":false},"excerpt":{"rendered":"<p>\u00c1rea restringida Bienvenido al \u00e1rea reservada de Nitesco.Por favor, introduce tu nombre de usuario y contrase\u00f1a en el formulario.<\/p>\n","protected":false},"author":8,"featured_media":0,"parent":0,"menu_order":0,"comment_status":"closed","ping_status":"closed","template":"elementor_header_footer","meta":{"footnotes":""},"class_list":["post-40784","page","type-page","status-publish","hentry"],"yoast_head":"<!-- This site is optimized with the Yoast SEO plugin v26.3 - https:\/\/yoast.com\/wordpress\/plugins\/seo\/ -->\n<title>\u00c1rea restringida de acceso - Nitesco<\/title>\n<meta name=\"robots\" content=\"index, follow, max-snippet:-1, max-image-preview:large, max-video-preview:-1\" \/>\n<link rel=\"canonical\" href=\"https:\/\/nitesco.it\/es\/accesso\/\" \/>\n<meta property=\"og:locale\" content=\"es_ES\" \/>\n<meta property=\"og:type\" content=\"article\" \/>\n<meta property=\"og:title\" content=\"\u00c1rea restringida de acceso - Nitesco\" \/>\n<meta property=\"og:description\" content=\"\u00c1rea restringida Bienvenido al \u00e1rea reservada de Nitesco.Por favor, introduce tu nombre de usuario y contrase\u00f1a en el formulario.\" \/>\n<meta property=\"og:url\" content=\"https:\/\/nitesco.it\/es\/accesso\/\" \/>\n<meta property=\"og:site_name\" content=\"Nitesco\" \/>\n<meta property=\"article:publisher\" content=\"https:\/\/www.facebook.com\/Nitesco\" \/>\n<meta property=\"article:modified_time\" content=\"2026-04-03T15:51:36+00:00\" \/>\n<meta name=\"twitter:card\" content=\"summary_large_image\" \/>\n<script type=\"application\/ld+json\" class=\"yoast-schema-graph\">{\"@context\":\"https:\/\/schema.org\",\"@graph\":[{\"@type\":\"WebPage\",\"@id\":\"https:\/\/nitesco.it\/es\/accesso\/\",\"url\":\"https:\/\/nitesco.it\/es\/accesso\/\",\"name\":\"\u00c1rea restringida de acceso - Nitesco\",\"isPartOf\":{\"@id\":\"https:\/\/nitesco.it\/#website\"},\"datePublished\":\"2021-04-09T05:32:29+00:00\",\"dateModified\":\"2026-04-03T15:51:36+00:00\",\"breadcrumb\":{\"@id\":\"https:\/\/nitesco.it\/es\/accesso\/#breadcrumb\"},\"inLanguage\":\"es\",\"potentialAction\":[{\"@type\":\"ReadAction\",\"target\":[\"https:\/\/nitesco.it\/es\/accesso\/\"]}]},{\"@type\":\"BreadcrumbList\",\"@id\":\"https:\/\/nitesco.it\/es\/accesso\/#breadcrumb\",\"itemListElement\":[{\"@type\":\"ListItem\",\"position\":1,\"name\":\"Home\",\"item\":\"https:\/\/nitesco.it\/es\/home\/\"},{\"@type\":\"ListItem\",\"position\":2,\"name\":\"\u00c1rea restringida de acceso\"}]},{\"@type\":\"WebSite\",\"@id\":\"https:\/\/nitesco.it\/#website\",\"url\":\"https:\/\/nitesco.it\/\",\"name\":\"Nitesco\",\"description\":\"Contract per Horeca\",\"publisher\":{\"@id\":\"https:\/\/nitesco.it\/#organization\"},\"potentialAction\":[{\"@type\":\"SearchAction\",\"target\":{\"@type\":\"EntryPoint\",\"urlTemplate\":\"https:\/\/nitesco.it\/?s={search_term_string}\"},\"query-input\":{\"@type\":\"PropertyValueSpecification\",\"valueRequired\":true,\"valueName\":\"search_term_string\"}}],\"inLanguage\":\"es\"},{\"@type\":\"Organization\",\"@id\":\"https:\/\/nitesco.it\/#organization\",\"name\":\"Nitesco International S.p.A.\",\"url\":\"https:\/\/nitesco.it\/\",\"logo\":{\"@type\":\"ImageObject\",\"inLanguage\":\"es\",\"@id\":\"https:\/\/nitesco.it\/#\/schema\/logo\/image\/\",\"url\":\"https:\/\/nitesco.it\/wp-content\/uploads\/2021\/02\/Logo-Nitesco-e1736502433956.png\",\"contentUrl\":\"https:\/\/nitesco.it\/wp-content\/uploads\/2021\/02\/Logo-Nitesco-e1736502433956.png\",\"width\":249,\"height\":45,\"caption\":\"Nitesco International S.p.A.\"},\"image\":{\"@id\":\"https:\/\/nitesco.it\/#\/schema\/logo\/image\/\"},\"sameAs\":[\"https:\/\/www.facebook.com\/Nitesco\",\"https:\/\/www.instagram.com\/nitesco.it\/\",\"https:\/\/www.linkedin.com\/company\/nitesco-international-spa\/\"]}]}<\/script>\n<!-- \/ Yoast SEO plugin. -->","yoast_head_json":{"title":"\u00c1rea restringida de acceso - Nitesco","robots":{"index":"index","follow":"follow","max-snippet":"max-snippet:-1","max-image-preview":"max-image-preview:large","max-video-preview":"max-video-preview:-1"},"canonical":"https:\/\/nitesco.it\/es\/accesso\/","og_locale":"es_ES","og_type":"article","og_title":"\u00c1rea restringida de acceso - Nitesco","og_description":"\u00c1rea restringida Bienvenido al \u00e1rea reservada de Nitesco.Por favor, introduce tu nombre de usuario y contrase\u00f1a en el formulario.","og_url":"https:\/\/nitesco.it\/es\/accesso\/","og_site_name":"Nitesco","article_publisher":"https:\/\/www.facebook.com\/Nitesco","article_modified_time":"2026-04-03T15:51:36+00:00","twitter_card":"summary_large_image","schema":{"@context":"https:\/\/schema.org","@graph":[{"@type":"WebPage","@id":"https:\/\/nitesco.it\/es\/accesso\/","url":"https:\/\/nitesco.it\/es\/accesso\/","name":"\u00c1rea restringida de acceso - Nitesco","isPartOf":{"@id":"https:\/\/nitesco.it\/#website"},"datePublished":"2021-04-09T05:32:29+00:00","dateModified":"2026-04-03T15:51:36+00:00","breadcrumb":{"@id":"https:\/\/nitesco.it\/es\/accesso\/#breadcrumb"},"inLanguage":"es","potentialAction":[{"@type":"ReadAction","target":["https:\/\/nitesco.it\/es\/accesso\/"]}]},{"@type":"BreadcrumbList","@id":"https:\/\/nitesco.it\/es\/accesso\/#breadcrumb","itemListElement":[{"@type":"ListItem","position":1,"name":"Home","item":"https:\/\/nitesco.it\/es\/home\/"},{"@type":"ListItem","position":2,"name":"\u00c1rea restringida de acceso"}]},{"@type":"WebSite","@id":"https:\/\/nitesco.it\/#website","url":"https:\/\/nitesco.it\/","name":"Nitesco","description":"Contract per Horeca","publisher":{"@id":"https:\/\/nitesco.it\/#organization"},"potentialAction":[{"@type":"SearchAction","target":{"@type":"EntryPoint","urlTemplate":"https:\/\/nitesco.it\/?s={search_term_string}"},"query-input":{"@type":"PropertyValueSpecification","valueRequired":true,"valueName":"search_term_string"}}],"inLanguage":"es"},{"@type":"Organization","@id":"https:\/\/nitesco.it\/#organization","name":"Nitesco International S.p.A.","url":"https:\/\/nitesco.it\/","logo":{"@type":"ImageObject","inLanguage":"es","@id":"https:\/\/nitesco.it\/#\/schema\/logo\/image\/","url":"https:\/\/nitesco.it\/wp-content\/uploads\/2021\/02\/Logo-Nitesco-e1736502433956.png","contentUrl":"https:\/\/nitesco.it\/wp-content\/uploads\/2021\/02\/Logo-Nitesco-e1736502433956.png","width":249,"height":45,"caption":"Nitesco International S.p.A."},"image":{"@id":"https:\/\/nitesco.it\/#\/schema\/logo\/image\/"},"sameAs":["https:\/\/www.facebook.com\/Nitesco","https:\/\/www.instagram.com\/nitesco.it\/","https:\/\/www.linkedin.com\/company\/nitesco-international-spa\/"]}]}},"_links":{"self":[{"href":"https:\/\/nitesco.it\/es\/wp-json\/wp\/v2\/pages\/40784","targetHints":{"allow":["GET"]}}],"collection":[{"href":"https:\/\/nitesco.it\/es\/wp-json\/wp\/v2\/pages"}],"about":[{"href":"https:\/\/nitesco.it\/es\/wp-json\/wp\/v2\/types\/page"}],"author":[{"embeddable":true,"href":"https:\/\/nitesco.it\/es\/wp-json\/wp\/v2\/users\/8"}],"replies":[{"embeddable":true,"href":"https:\/\/nitesco.it\/es\/wp-json\/wp\/v2\/comments?post=40784"}],"version-history":[{"count":1,"href":"https:\/\/nitesco.it\/es\/wp-json\/wp\/v2\/pages\/40784\/revisions"}],"predecessor-version":[{"id":45723,"href":"https:\/\/nitesco.it\/es\/wp-json\/wp\/v2\/pages\/40784\/revisions\/45723"}],"wp:attachment":[{"href":"https:\/\/nitesco.it\/es\/wp-json\/wp\/v2\/media?parent=40784"}],"curies":[{"name":"wp","href":"https:\/\/api.w.org\/{rel}","templated":true}]}}