{"id":40777,"date":"2021-04-08T05:49:52","date_gmt":"2021-04-08T03:49:52","guid":{"rendered":"https:\/\/nitesco.it\/termini\/"},"modified":"2025-07-18T16:39:40","modified_gmt":"2025-07-18T14:39:40","slug":"termini","status":"publish","type":"page","link":"https:\/\/nitesco.it\/es\/termini\/","title":{"rendered":"T\u00e9rminos y condiciones"},"content":{"rendered":"\t\t<div data-elementor-type=\"wp-page\" data-elementor-id=\"40777\" class=\"elementor elementor-40777 elementor-6219\" data-elementor-post-type=\"page\">\n\t\t\t\t\t\t<section class=\"elementor-section elementor-top-section elementor-element elementor-element-ccc54cc elementor-section-boxed elementor-section-height-default elementor-section-height-default\" data-id=\"ccc54cc\" data-element_type=\"section\">\n\t\t\t\t\t\t<div class=\"elementor-container elementor-column-gap-default\">\n\t\t\t\t\t<div class=\"elementor-column elementor-col-100 elementor-top-column elementor-element elementor-element-d62d712\" data-id=\"d62d712\" data-element_type=\"column\">\n\t\t\t<div class=\"elementor-widget-wrap elementor-element-populated\">\n\t\t\t\t\t\t<div class=\"elementor-element elementor-element-d80e498 elementor-widget elementor-widget-text-editor\" data-id=\"d80e498\" data-element_type=\"widget\" data-widget_type=\"text-editor.default\">\n\t\t\t\t\t\t\t\t\tSobre nosotros \/ <strong>T\u00e9rminos y condiciones<\/strong>\t\t\t\t\t\t\t\t<\/div>\n\t\t\t\t\t<\/div>\n\t\t<\/div>\n\t\t\t\t\t<\/div>\n\t\t<\/section>\n\t\t\t\t<section class=\"elementor-section elementor-top-section elementor-element elementor-element-764c594 elementor-section-boxed elementor-section-height-default elementor-section-height-default\" data-id=\"764c594\" data-element_type=\"section\">\n\t\t\t\t\t\t<div class=\"elementor-container elementor-column-gap-default\">\n\t\t\t\t\t<div class=\"elementor-column elementor-col-100 elementor-top-column elementor-element elementor-element-d956c14\" data-id=\"d956c14\" data-element_type=\"column\">\n\t\t\t<div class=\"elementor-widget-wrap elementor-element-populated\">\n\t\t\t\t\t\t<div class=\"elementor-element elementor-element-a96ae60 elementor-widget elementor-widget-heading\" data-id=\"a96ae60\" data-element_type=\"widget\" data-widget_type=\"heading.default\">\n\t\t\t\t\t<h1 class=\"elementor-heading-title elementor-size-default\"><span style=\"color:#000000\">T\u00e9rminos y<\/span> condiciones<\/h1>\t\t\t\t<\/div>\n\t\t\t\t\t<\/div>\n\t\t<\/div>\n\t\t\t\t\t<\/div>\n\t\t<\/section>\n\t\t\t\t<section class=\"elementor-section elementor-top-section elementor-element elementor-element-b6894a4 elementor-section-boxed elementor-section-height-default elementor-section-height-default\" data-id=\"b6894a4\" data-element_type=\"section\">\n\t\t\t\t\t\t<div class=\"elementor-container elementor-column-gap-default\">\n\t\t\t\t\t<div class=\"elementor-column elementor-col-100 elementor-top-column elementor-element elementor-element-56fe33b\" data-id=\"56fe33b\" data-element_type=\"column\">\n\t\t\t<div class=\"elementor-widget-wrap elementor-element-populated\">\n\t\t\t\t\t\t<div class=\"elementor-element elementor-element-253f218 elementor-widget elementor-widget-text-editor\" data-id=\"253f218\" data-element_type=\"widget\" data-widget_type=\"text-editor.default\">\n\t\t\t\t\t\t\t\t\t<strong>1.<\/strong> Esta pol\u00edtica se aplica a los contenidos accesibles sin necesidad de registro (en adelante: \u00abContenidos\u00bb) a trav\u00e9s del sitio web www.nitesco.it (en adelante: \u00abSitio\u00bb) propiedad de la empresa Nitesco International srl, con domicilio social en Via Montenapoleone 8 &#8211; Mil\u00e1n (MI) (en adelante: \u00abNITESCO\u00bb).\n<br><br><strong>2.<\/strong> El Sitio no constituye un peri\u00f3dico y no es un producto editorial, no tiene car\u00e1cter peri\u00f3dico y se actualiza sobre la base de elecciones totalmente discrecionales de NITESCO.\n<br><br><strong>3.<\/strong> Los Contenidos se editan en la medida de nuestras posibilidades para que est\u00e9n lo m\u00e1s libres de errores posible, pero no garantizamos que no existan inexactitudes o incorrecciones aunque est\u00e9n actualizados. NITESCO tambi\u00e9n se reserva el derecho a cambiar, a\u00f1adir, eliminar alguno o todos los Contenidos, as\u00ed como a suspender, finalizar o limitar el acceso al Sitio o a los Contenidos en cualquier momento y sin previo aviso a su entera discreci\u00f3n. \n<br><br><strong>4.<\/strong> El acceso al Sitio es libre y facultativo y el Usuario, al navegar por las p\u00e1ginas web correspondientes, declara que acepta someterse a toda la normativa vigente en Italia, seg\u00fan corresponda. En particular, se especifica que: \n<br><br><strong>5.<\/strong> Todos los Contenidos del Sitio est\u00e1n protegidos por la legislaci\u00f3n vigente en materia de derechos de autor (Ley n\u00ba 633 de 1941). El Usuario no tiene derecho a apropiarse, reproducir, modificar, traducir, distribuir, volver a publicar de ninguna forma, ni siquiera parcialmente, ni en ning\u00fan caso utilizar los Contenidos del Sitio para fines profesionales y\/o relacionados con su actividad profesional o la de otros. \n<br><br><strong>6.<\/strong> En particular, queda expresamente prohibida cualquier utilizaci\u00f3n, con fines profesionales y\/o relacionados con actividades profesionales propias o ajenas, de los datos, informaciones e im\u00e1genes publicados en el Sitio mediante su reproducci\u00f3n total y\/o parcial de cualquier forma en otros sitios de Internet, y en particular en aquellos que ofrezcan servicios y productos similares ofrecidos por NITESCO y m\u00e1s en general a trav\u00e9s de cualquier otro medio de comunicaci\u00f3n.\n<br><br><strong>7.<\/strong> Por otra parte, la utilizaci\u00f3n de los Contenidos con fines personales sigue siendo libre, siempre que no se vulneren los derechos morales y\/o patrimoniales de los leg\u00edtimos titulares de los Contenidos individuales.\n<br><br><strong>8.<\/strong> Las marcas y\/o cualquier otro signo distintivo presente en el Sitio son propiedad de NITESCO y\/o de terceros y no podr\u00e1n ser utilizados en ning\u00fan caso y por ning\u00fan motivo sin la autorizaci\u00f3n escrita de los respectivos titulares. Por lo tanto, queda prohibida la utilizaci\u00f3n de las marcas y\/o signos distintivos propiedad de NITESCO y\/o de terceros de cualquier forma o manera incluyendo, a t\u00edtulo enunciativo pero no limitativo, como nombre de usuario y\/o nombre de dominio con cualquier extensi\u00f3n incluso de segundo y\/o ulterior nivel. \n<br><br><strong>9.<\/strong> La documentaci\u00f3n, im\u00e1genes, fuentes, gr\u00e1ficos, software y otros contenidos del Sitio y todos los c\u00f3digos y scripts de formato para implementar el Sitio son propiedad de NITESCO y\/o de terceros y est\u00e1n protegidos por la normativa aplicable respectivamente.\n<br><br><strong>10.<\/strong> Reconoces que el uso que hagas del Sitio queda a tu \u00fanica y exclusiva discreci\u00f3n. El Contenido se proporciona \u00abtal cual\u00bb y \u00abseg\u00fan disponibilidad\u00bb. Queda expresamente excluida cualquier garant\u00eda por parte de NITESCO, ya sea expresa y\/o impl\u00edcita. NITESCO no garantiza que los Contenidos satisfagan tus necesidades, ni que se proporcionen sin interrupci\u00f3n, de manera oportuna, libres de inexactitudes o que se corrijan errores de cualquier tipo.   \n<br><br><strong>11.<\/strong> Ninguna notificaci\u00f3n, consejo, asesoramiento o informaci\u00f3n, ya sea escrita u oral, que NITESCO te proporcione u obtengas por o a trav\u00e9s de todo o parte del Contenido implicar\u00e1 garant\u00eda alguna.\n<br><br><strong>12.<\/strong> El Sitio puede contener enlaces a sitios de Internet gestionados por terceros, pero NITESCO no ser\u00e1 responsable de sus contenidos. La inclusi\u00f3n de dichos enlaces en el Sitio no implica reconocimiento alguno por parte de NITESCO de asociaci\u00f3n alguna con los operadores de dichos sitios. \n<br><br><strong>13.<\/strong> La relaci\u00f3n entre NITESCO y el Usuario no podr\u00e1 considerarse en ning\u00fan caso como una relaci\u00f3n de asesoramiento y\/o profesional.\n<br><br><strong>14.<\/strong> S\u00f3lo podr\u00e1 enlazarse libremente la p\u00e1gina de inicio del Sitio, debiendo informarse a NITESCO de esta circunstancia mediante el env\u00edo de un correo electr\u00f3nico a <a href=\"mailto:info@nitesco.it\">info@nitesco.it.<\/a> Por otro lado, queda expresamente prohibido hacer visible el Sitio mediante framing, deep linking o mirroring, salvo autorizaci\u00f3n previa y por escrito enviando un correo electr\u00f3nico a NITESCO a <a href=\"mailto:info@nitesco.it\">info@nitesco.it.<\/a> \n<br><br><strong>15.<\/strong> El Sitio utiliza sistemas autom\u00e1ticos de recogida de informaci\u00f3n sobre el Usuario, como web beacons y cookies, con la \u00fanica finalidad de facilitar la navegaci\u00f3n.\t\t\t\t\t\t\t\t<\/div>\n\t\t\t\t\t<\/div>\n\t\t<\/div>\n\t\t\t\t\t<\/div>\n\t\t<\/section>\n\t\t\t\t<\/div>\n\t\t","protected":false},"excerpt":{"rendered":"<p>Sobre nosotros \/ T\u00e9rminos y condiciones T\u00e9rminos y condiciones 1. Esta pol\u00edtica se aplica a los contenidos accesibles sin necesidad de registro (en adelante: \u00abContenidos\u00bb) a trav\u00e9s del sitio web www.nitesco.it (en adelante: \u00abSitio\u00bb) propiedad de la empresa Nitesco International srl, con domicilio social en Via Montenapoleone 8 &#8211; Mil\u00e1n (MI) (en adelante: \u00abNITESCO\u00bb). 2. [&hellip;]<\/p>\n","protected":false},"author":8,"featured_media":0,"parent":0,"menu_order":0,"comment_status":"closed","ping_status":"closed","template":"elementor_header_footer","meta":{"footnotes":""},"class_list":["post-40777","page","type-page","status-publish","hentry"],"yoast_head":"<!-- This site is optimized with the Yoast SEO plugin v26.3 - https:\/\/yoast.com\/wordpress\/plugins\/seo\/ -->\n<title>T\u00e9rminos y condiciones - Nitesco<\/title>\n<meta name=\"robots\" content=\"index, follow, max-snippet:-1, max-image-preview:large, max-video-preview:-1\" \/>\n<link rel=\"canonical\" href=\"https:\/\/nitesco.it\/es\/termini\/\" \/>\n<meta property=\"og:locale\" content=\"es_ES\" \/>\n<meta property=\"og:type\" content=\"article\" \/>\n<meta property=\"og:title\" content=\"T\u00e9rminos y condiciones - Nitesco\" \/>\n<meta property=\"og:description\" content=\"Sobre nosotros \/ T\u00e9rminos y condiciones T\u00e9rminos y condiciones 1. Esta pol\u00edtica se aplica a los contenidos accesibles sin necesidad de registro (en adelante: \u00abContenidos\u00bb) a trav\u00e9s del sitio web www.nitesco.it (en adelante: \u00abSitio\u00bb) propiedad de la empresa Nitesco International srl, con domicilio social en Via Montenapoleone 8 &#8211; Mil\u00e1n (MI) (en adelante: \u00abNITESCO\u00bb). 2. [&hellip;]\" \/>\n<meta property=\"og:url\" content=\"https:\/\/nitesco.it\/es\/termini\/\" \/>\n<meta property=\"og:site_name\" content=\"Nitesco\" \/>\n<meta property=\"article:publisher\" content=\"https:\/\/www.facebook.com\/Nitesco\" \/>\n<meta property=\"article:modified_time\" content=\"2025-07-18T14:39:40+00:00\" \/>\n<meta name=\"twitter:card\" content=\"summary_large_image\" \/>\n<meta name=\"twitter:label1\" content=\"Tiempo de lectura\" \/>\n\t<meta name=\"twitter:data1\" content=\"4 minutos\" \/>\n<script type=\"application\/ld+json\" class=\"yoast-schema-graph\">{\"@context\":\"https:\/\/schema.org\",\"@graph\":[{\"@type\":\"WebPage\",\"@id\":\"https:\/\/nitesco.it\/es\/termini\/\",\"url\":\"https:\/\/nitesco.it\/es\/termini\/\",\"name\":\"T\u00e9rminos y condiciones - Nitesco\",\"isPartOf\":{\"@id\":\"https:\/\/nitesco.it\/#website\"},\"datePublished\":\"2021-04-08T03:49:52+00:00\",\"dateModified\":\"2025-07-18T14:39:40+00:00\",\"breadcrumb\":{\"@id\":\"https:\/\/nitesco.it\/es\/termini\/#breadcrumb\"},\"inLanguage\":\"es\",\"potentialAction\":[{\"@type\":\"ReadAction\",\"target\":[\"https:\/\/nitesco.it\/es\/termini\/\"]}]},{\"@type\":\"BreadcrumbList\",\"@id\":\"https:\/\/nitesco.it\/es\/termini\/#breadcrumb\",\"itemListElement\":[{\"@type\":\"ListItem\",\"position\":1,\"name\":\"Home\",\"item\":\"https:\/\/nitesco.it\/es\/home\/\"},{\"@type\":\"ListItem\",\"position\":2,\"name\":\"T\u00e9rminos y condiciones\"}]},{\"@type\":\"WebSite\",\"@id\":\"https:\/\/nitesco.it\/#website\",\"url\":\"https:\/\/nitesco.it\/\",\"name\":\"Nitesco\",\"description\":\"Contract per Horeca\",\"publisher\":{\"@id\":\"https:\/\/nitesco.it\/#organization\"},\"potentialAction\":[{\"@type\":\"SearchAction\",\"target\":{\"@type\":\"EntryPoint\",\"urlTemplate\":\"https:\/\/nitesco.it\/?s={search_term_string}\"},\"query-input\":{\"@type\":\"PropertyValueSpecification\",\"valueRequired\":true,\"valueName\":\"search_term_string\"}}],\"inLanguage\":\"es\"},{\"@type\":\"Organization\",\"@id\":\"https:\/\/nitesco.it\/#organization\",\"name\":\"Nitesco International S.p.A.\",\"url\":\"https:\/\/nitesco.it\/\",\"logo\":{\"@type\":\"ImageObject\",\"inLanguage\":\"es\",\"@id\":\"https:\/\/nitesco.it\/#\/schema\/logo\/image\/\",\"url\":\"https:\/\/nitesco.it\/wp-content\/uploads\/2021\/02\/Logo-Nitesco-e1736502433956.png\",\"contentUrl\":\"https:\/\/nitesco.it\/wp-content\/uploads\/2021\/02\/Logo-Nitesco-e1736502433956.png\",\"width\":249,\"height\":45,\"caption\":\"Nitesco International S.p.A.\"},\"image\":{\"@id\":\"https:\/\/nitesco.it\/#\/schema\/logo\/image\/\"},\"sameAs\":[\"https:\/\/www.facebook.com\/Nitesco\",\"https:\/\/www.instagram.com\/nitesco.it\/\",\"https:\/\/www.linkedin.com\/company\/nitesco-international-spa\/\"]}]}<\/script>\n<!-- \/ Yoast SEO plugin. -->","yoast_head_json":{"title":"T\u00e9rminos y condiciones - Nitesco","robots":{"index":"index","follow":"follow","max-snippet":"max-snippet:-1","max-image-preview":"max-image-preview:large","max-video-preview":"max-video-preview:-1"},"canonical":"https:\/\/nitesco.it\/es\/termini\/","og_locale":"es_ES","og_type":"article","og_title":"T\u00e9rminos y condiciones - Nitesco","og_description":"Sobre nosotros \/ T\u00e9rminos y condiciones T\u00e9rminos y condiciones 1. Esta pol\u00edtica se aplica a los contenidos accesibles sin necesidad de registro (en adelante: \u00abContenidos\u00bb) a trav\u00e9s del sitio web www.nitesco.it (en adelante: \u00abSitio\u00bb) propiedad de la empresa Nitesco International srl, con domicilio social en Via Montenapoleone 8 &#8211; Mil\u00e1n (MI) (en adelante: \u00abNITESCO\u00bb). 2. [&hellip;]","og_url":"https:\/\/nitesco.it\/es\/termini\/","og_site_name":"Nitesco","article_publisher":"https:\/\/www.facebook.com\/Nitesco","article_modified_time":"2025-07-18T14:39:40+00:00","twitter_card":"summary_large_image","twitter_misc":{"Tiempo de lectura":"4 minutos"},"schema":{"@context":"https:\/\/schema.org","@graph":[{"@type":"WebPage","@id":"https:\/\/nitesco.it\/es\/termini\/","url":"https:\/\/nitesco.it\/es\/termini\/","name":"T\u00e9rminos y condiciones - Nitesco","isPartOf":{"@id":"https:\/\/nitesco.it\/#website"},"datePublished":"2021-04-08T03:49:52+00:00","dateModified":"2025-07-18T14:39:40+00:00","breadcrumb":{"@id":"https:\/\/nitesco.it\/es\/termini\/#breadcrumb"},"inLanguage":"es","potentialAction":[{"@type":"ReadAction","target":["https:\/\/nitesco.it\/es\/termini\/"]}]},{"@type":"BreadcrumbList","@id":"https:\/\/nitesco.it\/es\/termini\/#breadcrumb","itemListElement":[{"@type":"ListItem","position":1,"name":"Home","item":"https:\/\/nitesco.it\/es\/home\/"},{"@type":"ListItem","position":2,"name":"T\u00e9rminos y condiciones"}]},{"@type":"WebSite","@id":"https:\/\/nitesco.it\/#website","url":"https:\/\/nitesco.it\/","name":"Nitesco","description":"Contract per Horeca","publisher":{"@id":"https:\/\/nitesco.it\/#organization"},"potentialAction":[{"@type":"SearchAction","target":{"@type":"EntryPoint","urlTemplate":"https:\/\/nitesco.it\/?s={search_term_string}"},"query-input":{"@type":"PropertyValueSpecification","valueRequired":true,"valueName":"search_term_string"}}],"inLanguage":"es"},{"@type":"Organization","@id":"https:\/\/nitesco.it\/#organization","name":"Nitesco International S.p.A.","url":"https:\/\/nitesco.it\/","logo":{"@type":"ImageObject","inLanguage":"es","@id":"https:\/\/nitesco.it\/#\/schema\/logo\/image\/","url":"https:\/\/nitesco.it\/wp-content\/uploads\/2021\/02\/Logo-Nitesco-e1736502433956.png","contentUrl":"https:\/\/nitesco.it\/wp-content\/uploads\/2021\/02\/Logo-Nitesco-e1736502433956.png","width":249,"height":45,"caption":"Nitesco International S.p.A."},"image":{"@id":"https:\/\/nitesco.it\/#\/schema\/logo\/image\/"},"sameAs":["https:\/\/www.facebook.com\/Nitesco","https:\/\/www.instagram.com\/nitesco.it\/","https:\/\/www.linkedin.com\/company\/nitesco-international-spa\/"]}]}},"_links":{"self":[{"href":"https:\/\/nitesco.it\/es\/wp-json\/wp\/v2\/pages\/40777","targetHints":{"allow":["GET"]}}],"collection":[{"href":"https:\/\/nitesco.it\/es\/wp-json\/wp\/v2\/pages"}],"about":[{"href":"https:\/\/nitesco.it\/es\/wp-json\/wp\/v2\/types\/page"}],"author":[{"embeddable":true,"href":"https:\/\/nitesco.it\/es\/wp-json\/wp\/v2\/users\/8"}],"replies":[{"embeddable":true,"href":"https:\/\/nitesco.it\/es\/wp-json\/wp\/v2\/comments?post=40777"}],"version-history":[{"count":0,"href":"https:\/\/nitesco.it\/es\/wp-json\/wp\/v2\/pages\/40777\/revisions"}],"wp:attachment":[{"href":"https:\/\/nitesco.it\/es\/wp-json\/wp\/v2\/media?parent=40777"}],"curies":[{"name":"wp","href":"https:\/\/api.w.org\/{rel}","templated":true}]}}