{"id":45640,"date":"2025-08-04T15:00:08","date_gmt":"2025-08-04T13:00:08","guid":{"rendered":"https:\/\/nitesco.it\/iscrizione-newsletter\/"},"modified":"2026-04-03T17:50:52","modified_gmt":"2026-04-03T15:50:52","slug":"iscrizione-newsletter","status":"publish","type":"page","link":"https:\/\/nitesco.it\/de\/iscrizione-newsletter\/","title":{"rendered":"Newsletter-Abonnement"},"content":{"rendered":"\t\t<div data-elementor-type=\"wp-page\" data-elementor-id=\"45640\" class=\"elementor elementor-45640 elementor-44057\" data-elementor-post-type=\"page\">\n\t\t\t\t<div class=\"elementor-element elementor-element-32ca322 e-con-full elementor-hidden-mobile e-flex e-con e-parent\" data-id=\"32ca322\" data-element_type=\"container\">\n\t\t\t\t<div class=\"elementor-element elementor-element-677eb44 elementor--h-position-center elementor--v-position-middle elementor-widget elementor-widget-slides\" data-id=\"677eb44\" data-element_type=\"widget\" data-settings=\"{&quot;navigation&quot;:&quot;none&quot;,&quot;autoplay&quot;:&quot;yes&quot;,&quot;pause_on_hover&quot;:&quot;yes&quot;,&quot;pause_on_interaction&quot;:&quot;yes&quot;,&quot;autoplay_speed&quot;:5000,&quot;infinite&quot;:&quot;yes&quot;,&quot;transition&quot;:&quot;slide&quot;,&quot;transition_speed&quot;:500}\" data-widget_type=\"slides.default\">\n\t\t\t\t\t\t\t\t\t\t<div class=\"elementor-slides-wrapper elementor-main-swiper swiper\" role=\"region\" aria-roledescription=\"carousel\" aria-label=\"Slides\" dir=\"ltr\" data-animation=\"fadeInUp\">\n\t\t\t\t<div class=\"swiper-wrapper elementor-slides\">\n\t\t\t\t\t\t\t\t\t\t<div class=\"elementor-repeater-item-91eb950 swiper-slide\" role=\"group\" aria-roledescription=\"slide\"><div class=\"swiper-slide-bg elementor-ken-burns elementor-ken-burns--in\" role=\"img\" aria-label=\"Genesis_Umgebung_inside-darkness\"><\/div><div class=\"elementor-background-overlay\"><\/div><a class=\"swiper-slide-inner\" href=\"#form\"><div class=\"swiper-slide-contents\"><div class=\"elementor-slide-heading\">Abonnieren Sie den Newsletter<\/div><div class=\"elementor-slide-description\"><p>Alle Neuigkeiten aus der Welt von Nitesco, f\u00fcr das Wachstum Ihres Unternehmens<\/p>\n<\/div><div  class=\"elementor-button elementor-slide-button elementor-size-md\">Registrieren Sie sich<\/div><\/div><\/a><\/div>\t\t\t\t<\/div>\n\t\t\t\t\t\t\t<\/div>\n\t\t\t\t\t\t\t\t<\/div>\n\t\t\t\t<div class=\"elementor-element elementor-element-c98e8ae elementor-widget elementor-widget-spacer\" data-id=\"c98e8ae\" data-element_type=\"widget\" data-widget_type=\"spacer.default\">\n\t\t\t\t\t\t\t<div class=\"elementor-spacer\">\n\t\t\t<div class=\"elementor-spacer-inner\"><\/div>\n\t\t<\/div>\n\t\t\t\t\t\t<\/div>\n\t\t\t\t<\/div>\n\t\t<div class=\"elementor-element elementor-element-84e3b08 e-con-full elementor-hidden-desktop elementor-hidden-tablet e-flex e-con e-parent\" data-id=\"84e3b08\" data-element_type=\"container\">\n\t\t\t\t<div class=\"elementor-element elementor-element-6b1144b elementor--h-position-center elementor--v-position-middle elementor-widget elementor-widget-slides\" data-id=\"6b1144b\" data-element_type=\"widget\" data-settings=\"{&quot;navigation&quot;:&quot;none&quot;,&quot;autoplay&quot;:&quot;yes&quot;,&quot;pause_on_hover&quot;:&quot;yes&quot;,&quot;pause_on_interaction&quot;:&quot;yes&quot;,&quot;autoplay_speed&quot;:5000,&quot;infinite&quot;:&quot;yes&quot;,&quot;transition&quot;:&quot;slide&quot;,&quot;transition_speed&quot;:500}\" data-widget_type=\"slides.default\">\n\t\t\t\t\t\t\t\t\t\t<div class=\"elementor-slides-wrapper elementor-main-swiper swiper\" role=\"region\" aria-roledescription=\"carousel\" aria-label=\"Slides\" dir=\"ltr\" data-animation=\"fadeInUp\">\n\t\t\t\t<div class=\"swiper-wrapper elementor-slides\">\n\t\t\t\t\t\t\t\t\t\t<div class=\"elementor-repeater-item-91eb950 swiper-slide\" role=\"group\" aria-roledescription=\"slide\"><div class=\"swiper-slide-bg elementor-ken-burns elementor-ken-burns--in\" role=\"img\" aria-label=\"Genesis_Umgebung_inside-darkness\"><\/div><div class=\"elementor-background-overlay\"><\/div><a class=\"swiper-slide-inner\" href=\"#formo\"><div class=\"swiper-slide-contents\"><div class=\"elementor-slide-heading\">Abonnieren Sie den Newsletter<\/div><div class=\"elementor-slide-description\"><p>Alle Neuigkeiten aus der Welt von Nitesco, f\u00fcr das Wachstum Ihres Unternehmens<\/p>\n<\/div><div  class=\"elementor-button elementor-slide-button elementor-size-md\">Registrieren Sie sich<\/div><\/div><\/a><\/div>\t\t\t\t<\/div>\n\t\t\t\t\t\t\t<\/div>\n\t\t\t\t\t\t\t\t<\/div>\n\t\t\t\t<div class=\"elementor-element elementor-element-8207f6d elementor-widget elementor-widget-spacer\" data-id=\"8207f6d\" data-element_type=\"widget\" data-widget_type=\"spacer.default\">\n\t\t\t\t\t\t\t<div class=\"elementor-spacer\">\n\t\t\t<div class=\"elementor-spacer-inner\"><\/div>\n\t\t<\/div>\n\t\t\t\t\t\t<\/div>\n\t\t\t\t<\/div>\n\t\t\t\t<section class=\"elementor-section elementor-top-section elementor-element elementor-element-bbb5853 elementor-hidden-mobile elementor-section-boxed elementor-section-height-default elementor-section-height-default\" data-id=\"bbb5853\" data-element_type=\"section\" id=\"form\">\n\t\t\t\t\t\t<div class=\"elementor-container elementor-column-gap-default\">\n\t\t\t\t\t<div class=\"elementor-column elementor-col-100 elementor-top-column elementor-element elementor-element-9901f45 elementor-invisible\" data-id=\"9901f45\" data-element_type=\"column\" data-settings=\"{&quot;background_background&quot;:&quot;classic&quot;,&quot;animation&quot;:&quot;fadeInRight&quot;}\">\n\t\t\t<div class=\"elementor-widget-wrap elementor-element-populated\">\n\t\t\t\t\t\t<div class=\"elementor-element elementor-element-3bee253 elementor-widget-mobile__width-initial elementor-invisible elementor-widget elementor-widget-heading\" data-id=\"3bee253\" data-element_type=\"widget\" data-settings=\"{&quot;_animation&quot;:&quot;fadeInUp&quot;}\" data-widget_type=\"heading.default\">\n\t\t\t\t\t<h2 class=\"elementor-heading-title elementor-size-default\">Anmeldeformular<\/h2>\t\t\t\t<\/div>\n\t\t\t\t<div class=\"elementor-element elementor-element-5fd3bff elementor-widget-mobile__width-initial elementor-button-align-stretch elementor-widget elementor-widget-form\" data-id=\"5fd3bff\" data-element_type=\"widget\" data-settings=\"{&quot;button_width&quot;:&quot;25&quot;,&quot;step_next_label&quot;:&quot;N\\u00e4chste&quot;,&quot;step_previous_label&quot;:&quot;Vorherige&quot;,&quot;step_type&quot;:&quot;number_text&quot;,&quot;step_icon_shape&quot;:&quot;circle&quot;}\" data-widget_type=\"form.default\">\n\t\t\t\t\t\t\t<form class=\"elementor-form\" method=\"post\" name=\"Neues Modul\" aria-label=\"Neues Modul\">\n\t\t\t<input type=\"hidden\" name=\"post_id\" value=\"45640\"\/>\n\t\t\t<input type=\"hidden\" name=\"form_id\" value=\"5fd3bff\"\/>\n\t\t\t<input type=\"hidden\" name=\"referer_title\" value=\"Newsletter-Abonnement - Nitesco\" \/>\n\n\t\t\t\t\t\t\t<input type=\"hidden\" name=\"queried_id\" value=\"45640\"\/>\n\t\t\t\n\t\t\t<div class=\"elementor-form-fields-wrapper elementor-labels-above\">\n\t\t\t\t\t\t\t\t<div class=\"elementor-field-type-text elementor-field-group elementor-column elementor-field-group-name elementor-col-50 elementor-field-required elementor-mark-required\">\n\t\t\t\t\t\t\t\t\t\t\t\t<label for=\"form-field-name\" class=\"elementor-field-label\">\n\t\t\t\t\t\t\t\tName  \t\t\t\t\t\t\t<\/label>\n\t\t\t\t\t\t\t\t\t\t\t\t\t\t<input size=\"1\" type=\"text\" name=\"form_fields[name]\" id=\"form-field-name\" class=\"elementor-field elementor-size-sm  elementor-field-textual\" required=\"required\">\n\t\t\t\t\t\t\t\t\t\t\t<\/div>\n\t\t\t\t\t\t\t\t<div class=\"elementor-field-type-text elementor-field-group elementor-column elementor-field-group-field_d68f695 elementor-col-50 elementor-field-required elementor-mark-required\">\n\t\t\t\t\t\t\t\t\t\t\t\t<label for=\"form-field-field_d68f695\" class=\"elementor-field-label\">\n\t\t\t\t\t\t\t\tNachname\t\t\t\t\t\t\t<\/label>\n\t\t\t\t\t\t\t\t\t\t\t\t\t\t<input size=\"1\" type=\"text\" name=\"form_fields[field_d68f695]\" id=\"form-field-field_d68f695\" class=\"elementor-field elementor-size-sm  elementor-field-textual\" required=\"required\">\n\t\t\t\t\t\t\t\t\t\t\t<\/div>\n\t\t\t\t\t\t\t\t<div class=\"elementor-field-type-email elementor-field-group elementor-column elementor-field-group-email elementor-col-100 elementor-field-required elementor-mark-required\">\n\t\t\t\t\t\t\t\t\t\t\t\t<label for=\"form-field-email\" class=\"elementor-field-label\">\n\t\t\t\t\t\t\t\tE-Mail\t\t\t\t\t\t\t<\/label>\n\t\t\t\t\t\t\t\t\t\t\t\t\t\t<input size=\"1\" type=\"email\" name=\"form_fields[email]\" id=\"form-field-email\" class=\"elementor-field elementor-size-sm  elementor-field-textual\" required=\"required\">\n\t\t\t\t\t\t\t\t\t\t\t<\/div>\n\t\t\t\t\t\t\t\t<div class=\"elementor-field-type-text elementor-field-group elementor-column elementor-field-group-field_95319b8 elementor-col-100 elementor-field-required elementor-mark-required\">\n\t\t\t\t\t\t\t\t\t\t\t\t<label for=\"form-field-field_95319b8\" class=\"elementor-field-label\">\n\t\t\t\t\t\t\t\tKompetenz-Aktivit\u00e4ten\t\t\t\t\t\t\t<\/label>\n\t\t\t\t\t\t\t\t\t\t\t\t\t\t<input size=\"1\" type=\"text\" name=\"form_fields[field_95319b8]\" id=\"form-field-field_95319b8\" class=\"elementor-field elementor-size-sm  elementor-field-textual\" required=\"required\">\n\t\t\t\t\t\t\t\t\t\t\t<\/div>\n\t\t\t\t\t\t\t\t<div class=\"elementor-field-type-acceptance elementor-field-group elementor-column elementor-field-group-field_1228e39 elementor-col-100 elementor-field-required elementor-mark-required\">\n\t\t\t\t\t\t\t\t\t\t\t\t<label for=\"form-field-field_1228e39\" class=\"elementor-field-label\">\n\t\t\t\t\t\t\t\tAkzeptanz der Verarbeitung personenbezogener Daten\t\t\t\t\t\t\t<\/label>\n\t\t\t\t\t\t\t\t<div class=\"elementor-field-subgroup\">\n\t\t\t<span class=\"elementor-field-option\">\n\t\t\t\t<input type=\"checkbox\" name=\"form_fields[field_1228e39]\" id=\"form-field-field_1228e39\" class=\"elementor-field elementor-size-sm  elementor-acceptance-field\" required=\"required\">\n\t\t\t\t<label for=\"form-field-field_1228e39\">Ich stimme der Verarbeitung meiner pers\u00f6nlichen Daten gem\u00e4\u00df der <a href=\"https:\/\/www.iubenda.com\/privacy-policy\/49308596\" target=\"_blank\" style=\"color:#FF5100; text-decoration:underline;\">Datenschutzrichtlinie<\/a> zu, um Mitteilungen von Nitesco zu erhalten.<\/label>\t\t\t<\/span>\n\t\t<\/div>\n\t\t\t\t\t\t<\/div>\n\t\t\t\t\t\t\t\t<div class=\"elementor-field-type-recaptcha elementor-field-group elementor-column elementor-field-group-field_1bffa77 elementor-col-100\">\n\t\t\t\t\t<div class=\"elementor-field\" id=\"form-field-field_1bffa77\"><div class=\"elementor-g-recaptcha\" data-sitekey=\"6LcVbJYqAAAAAGoAdS3a0vfdKWqV5pkApi_ngg7m\" data-type=\"v2_checkbox\" data-theme=\"light\" data-size=\"normal\"><\/div><\/div>\t\t\t\t<\/div>\n\t\t\t\t\t\t\t\t<div class=\"elementor-field-group elementor-column elementor-field-type-submit elementor-col-25 e-form__buttons\">\n\t\t\t\t\t<button class=\"elementor-button elementor-size-md elementor-animation-grow\" type=\"submit\">\n\t\t\t\t\t\t<span class=\"elementor-button-content-wrapper\">\n\t\t\t\t\t\t\t\t\t\t\t\t\t\t\t\t\t\t\t\t\t\t<span class=\"elementor-button-text\">Senden Sie<\/span>\n\t\t\t\t\t\t\t\t\t\t\t\t\t<\/span>\n\t\t\t\t\t<\/button>\n\t\t\t\t<\/div>\n\t\t\t<\/div>\n\t\t<\/form>\n\t\t\t\t\t\t<\/div>\n\t\t\t\t\t<\/div>\n\t\t<\/div>\n\t\t\t\t\t<\/div>\n\t\t<\/section>\n\t\t\t\t<section class=\"elementor-section elementor-top-section elementor-element elementor-element-28137a7 elementor-section-full_width elementor-section-height-default elementor-section-height-default\" data-id=\"28137a7\" data-element_type=\"section\" id=\"form\">\n\t\t\t\t\t\t<div class=\"elementor-container elementor-column-gap-default\">\n\t\t\t\t\t<div class=\"elementor-column elementor-col-100 elementor-top-column elementor-element elementor-element-cf92872 elementor-hidden-desktop elementor-hidden-tablet elementor-invisible\" data-id=\"cf92872\" data-element_type=\"column\" id=\"formo\" data-settings=\"{&quot;background_background&quot;:&quot;classic&quot;,&quot;animation&quot;:&quot;fadeInRight&quot;}\">\n\t\t\t<div class=\"elementor-widget-wrap elementor-element-populated\">\n\t\t\t\t\t\t<div class=\"elementor-element elementor-element-3104cda elementor-widget-mobile__width-initial elementor-invisible elementor-widget elementor-widget-heading\" data-id=\"3104cda\" data-element_type=\"widget\" data-settings=\"{&quot;_animation&quot;:&quot;fadeInUp&quot;}\" data-widget_type=\"heading.default\">\n\t\t\t\t\t<h2 class=\"elementor-heading-title elementor-size-default\">Anmeldeformular<\/h2>\t\t\t\t<\/div>\n\t\t\t\t<div class=\"elementor-element elementor-element-85a2f2f elementor-widget-mobile__width-initial elementor-button-align-stretch elementor-widget elementor-widget-form\" data-id=\"85a2f2f\" data-element_type=\"widget\" data-settings=\"{&quot;button_width&quot;:&quot;20&quot;,&quot;step_next_label&quot;:&quot;N\\u00e4chste&quot;,&quot;step_previous_label&quot;:&quot;Vorherige&quot;,&quot;step_type&quot;:&quot;number_text&quot;,&quot;step_icon_shape&quot;:&quot;circle&quot;}\" data-widget_type=\"form.default\">\n\t\t\t\t\t\t\t<form class=\"elementor-form\" method=\"post\" name=\"Neues Modul\" aria-label=\"Neues Modul\">\n\t\t\t<input type=\"hidden\" name=\"post_id\" value=\"45640\"\/>\n\t\t\t<input type=\"hidden\" name=\"form_id\" value=\"85a2f2f\"\/>\n\t\t\t<input type=\"hidden\" name=\"referer_title\" value=\"Newsletter-Abonnement - Nitesco\" \/>\n\n\t\t\t\t\t\t\t<input type=\"hidden\" name=\"queried_id\" value=\"45640\"\/>\n\t\t\t\n\t\t\t<div class=\"elementor-form-fields-wrapper elementor-labels-above\">\n\t\t\t\t\t\t\t\t<div class=\"elementor-field-type-text elementor-field-group elementor-column elementor-field-group-name elementor-col-50 elementor-field-required elementor-mark-required\">\n\t\t\t\t\t\t\t\t\t\t\t\t<label for=\"form-field-name\" class=\"elementor-field-label\">\n\t\t\t\t\t\t\t\tName  \t\t\t\t\t\t\t<\/label>\n\t\t\t\t\t\t\t\t\t\t\t\t\t\t<input size=\"1\" type=\"text\" name=\"form_fields[name]\" id=\"form-field-name\" class=\"elementor-field elementor-size-sm  elementor-field-textual\" required=\"required\">\n\t\t\t\t\t\t\t\t\t\t\t<\/div>\n\t\t\t\t\t\t\t\t<div class=\"elementor-field-type-text elementor-field-group elementor-column elementor-field-group-field_d68f695 elementor-col-50 elementor-field-required elementor-mark-required\">\n\t\t\t\t\t\t\t\t\t\t\t\t<label for=\"form-field-field_d68f695\" class=\"elementor-field-label\">\n\t\t\t\t\t\t\t\tNachname\t\t\t\t\t\t\t<\/label>\n\t\t\t\t\t\t\t\t\t\t\t\t\t\t<input size=\"1\" type=\"text\" name=\"form_fields[field_d68f695]\" id=\"form-field-field_d68f695\" class=\"elementor-field elementor-size-sm  elementor-field-textual\" required=\"required\">\n\t\t\t\t\t\t\t\t\t\t\t<\/div>\n\t\t\t\t\t\t\t\t<div class=\"elementor-field-type-email elementor-field-group elementor-column elementor-field-group-email elementor-col-100 elementor-field-required elementor-mark-required\">\n\t\t\t\t\t\t\t\t\t\t\t\t<label for=\"form-field-email\" class=\"elementor-field-label\">\n\t\t\t\t\t\t\t\tE-Mail\t\t\t\t\t\t\t<\/label>\n\t\t\t\t\t\t\t\t\t\t\t\t\t\t<input size=\"1\" type=\"email\" name=\"form_fields[email]\" id=\"form-field-email\" class=\"elementor-field elementor-size-sm  elementor-field-textual\" required=\"required\">\n\t\t\t\t\t\t\t\t\t\t\t<\/div>\n\t\t\t\t\t\t\t\t<div class=\"elementor-field-type-text elementor-field-group elementor-column elementor-field-group-field_95319b8 elementor-col-100 elementor-field-required elementor-mark-required\">\n\t\t\t\t\t\t\t\t\t\t\t\t<label for=\"form-field-field_95319b8\" class=\"elementor-field-label\">\n\t\t\t\t\t\t\t\tKompetenz-Aktivit\u00e4ten\t\t\t\t\t\t\t<\/label>\n\t\t\t\t\t\t\t\t\t\t\t\t\t\t<input size=\"1\" type=\"text\" name=\"form_fields[field_95319b8]\" id=\"form-field-field_95319b8\" class=\"elementor-field elementor-size-sm  elementor-field-textual\" required=\"required\">\n\t\t\t\t\t\t\t\t\t\t\t<\/div>\n\t\t\t\t\t\t\t\t<div class=\"elementor-field-type-acceptance elementor-field-group elementor-column elementor-field-group-field_baf8fd3 elementor-col-100\">\n\t\t\t\t\t\t\t\t\t\t\t\t<label for=\"form-field-field_baf8fd3\" class=\"elementor-field-label\">\n\t\t\t\t\t\t\t\tAkzeptanz der Verarbeitung personenbezogener Daten\t\t\t\t\t\t\t<\/label>\n\t\t\t\t\t\t\t\t<div class=\"elementor-field-subgroup\">\n\t\t\t<span class=\"elementor-field-option\">\n\t\t\t\t<input type=\"checkbox\" name=\"form_fields[field_baf8fd3]\" id=\"form-field-field_baf8fd3\" class=\"elementor-field elementor-size-sm  elementor-acceptance-field\">\n\t\t\t\t<label for=\"form-field-field_baf8fd3\">Ich stimme der Verarbeitung meiner pers\u00f6nlichen Daten gem\u00e4\u00df der <a href=\"https:\/\/www.iubenda.com\/privacy-policy\/49308596\" target=\"_blank\" style=\"color:#FF5100; text-decoration:underline;\">Datenschutzrichtlinie<\/a> zu, um Mitteilungen von Nitesco zu erhalten.<\/label>\t\t\t<\/span>\n\t\t<\/div>\n\t\t\t\t\t\t<\/div>\n\t\t\t\t\t\t\t\t<div class=\"elementor-field-type-recaptcha elementor-field-group elementor-column elementor-field-group-field_1bffa77 elementor-col-100\">\n\t\t\t\t\t<div class=\"elementor-field\" id=\"form-field-field_1bffa77\"><div class=\"elementor-g-recaptcha\" data-sitekey=\"6LcVbJYqAAAAAGoAdS3a0vfdKWqV5pkApi_ngg7m\" data-type=\"v2_checkbox\" data-theme=\"light\" data-size=\"normal\"><\/div><\/div>\t\t\t\t<\/div>\n\t\t\t\t\t\t\t\t<div class=\"elementor-field-group elementor-column elementor-field-type-submit elementor-col-20 e-form__buttons\">\n\t\t\t\t\t<button class=\"elementor-button elementor-size-sm elementor-animation-grow\" type=\"submit\">\n\t\t\t\t\t\t<span class=\"elementor-button-content-wrapper\">\n\t\t\t\t\t\t\t\t\t\t\t\t\t\t\t\t\t\t\t\t\t\t<span class=\"elementor-button-text\">Senden Sie<\/span>\n\t\t\t\t\t\t\t\t\t\t\t\t\t<\/span>\n\t\t\t\t\t<\/button>\n\t\t\t\t<\/div>\n\t\t\t<\/div>\n\t\t<\/form>\n\t\t\t\t\t\t<\/div>\n\t\t\t\t\t<\/div>\n\t\t<\/div>\n\t\t\t\t\t<\/div>\n\t\t<\/section>\n\t\t<div class=\"elementor-element elementor-element-eda1030 e-flex e-con-boxed e-con e-parent\" data-id=\"eda1030\" data-element_type=\"container\">\n\t\t\t\t\t<div class=\"e-con-inner\">\n\t\t\t\t<div class=\"elementor-element elementor-element-fb21a40 elementor-widget elementor-widget-spacer\" data-id=\"fb21a40\" data-element_type=\"widget\" data-widget_type=\"spacer.default\">\n\t\t\t\t\t\t\t<div class=\"elementor-spacer\">\n\t\t\t<div class=\"elementor-spacer-inner\"><\/div>\n\t\t<\/div>\n\t\t\t\t\t\t<\/div>\n\t\t\t\t<div class=\"elementor-element elementor-element-f859ac8 elementor-align-center elementor-widget elementor-widget-button\" data-id=\"f859ac8\" data-element_type=\"widget\" data-widget_type=\"button.default\">\n\t\t\t\t\t\t\t\t\t\t<a class=\"elementor-button elementor-button-link elementor-size-sm elementor-animation-grow\" href=\"http:\/\/nitesco.it\" id=\"button\">\n\t\t\t\t\t\t<span class=\"elementor-button-content-wrapper\">\n\t\t\t\t\t\t\t\t\t<span class=\"elementor-button-text\">Zur\u00fcck zur Startseite der Website<\/span>\n\t\t\t\t\t<\/span>\n\t\t\t\t\t<\/a>\n\t\t\t\t\t\t\t\t<\/div>\n\t\t\t\t<div class=\"elementor-element elementor-element-29d813c elementor-widget elementor-widget-spacer\" data-id=\"29d813c\" data-element_type=\"widget\" data-widget_type=\"spacer.default\">\n\t\t\t\t\t\t\t<div class=\"elementor-spacer\">\n\t\t\t<div class=\"elementor-spacer-inner\"><\/div>\n\t\t<\/div>\n\t\t\t\t\t\t<\/div>\n\t\t\t\t\t<\/div>\n\t\t\t\t<\/div>\n\t\t\t\t<\/div>\n\t\t","protected":false},"excerpt":{"rendered":"<p>Abonnieren Sie den Newsletter Alle Neuigkeiten aus der Welt von Nitesco, f\u00fcr das Wachstum Ihres Unternehmens Registrieren Sie sich Abonnieren Sie den Newsletter Alle Neuigkeiten aus der Welt von Nitesco, f\u00fcr das Wachstum Ihres Unternehmens Registrieren Sie sich Anmeldeformular Anmeldeformular Zur\u00fcck zur Startseite der Website<\/p>\n","protected":false},"author":8,"featured_media":0,"parent":0,"menu_order":0,"comment_status":"closed","ping_status":"closed","template":"","meta":{"footnotes":""},"class_list":["post-45640","page","type-page","status-publish","hentry"],"yoast_head":"<!-- This site is optimized with the Yoast SEO plugin v26.3 - https:\/\/yoast.com\/wordpress\/plugins\/seo\/ -->\n<title>Newsletter-Abonnement - Nitesco<\/title>\n<meta name=\"robots\" content=\"index, follow, max-snippet:-1, max-image-preview:large, max-video-preview:-1\" \/>\n<link rel=\"canonical\" href=\"https:\/\/nitesco.it\/de\/iscrizione-newsletter\/\" \/>\n<meta property=\"og:locale\" content=\"de_DE\" \/>\n<meta property=\"og:type\" content=\"article\" \/>\n<meta property=\"og:title\" content=\"Newsletter-Abonnement - Nitesco\" \/>\n<meta property=\"og:description\" content=\"Abonnieren Sie den Newsletter Alle Neuigkeiten aus der Welt von Nitesco, f\u00fcr das Wachstum Ihres Unternehmens Registrieren Sie sich Abonnieren Sie den Newsletter Alle Neuigkeiten aus der Welt von Nitesco, f\u00fcr das Wachstum Ihres Unternehmens Registrieren Sie sich Anmeldeformular Anmeldeformular Zur\u00fcck zur Startseite der Website\" \/>\n<meta property=\"og:url\" content=\"https:\/\/nitesco.it\/de\/iscrizione-newsletter\/\" \/>\n<meta property=\"og:site_name\" content=\"Nitesco\" \/>\n<meta property=\"article:publisher\" content=\"https:\/\/www.facebook.com\/Nitesco\" \/>\n<meta property=\"article:modified_time\" content=\"2026-04-03T15:50:52+00:00\" \/>\n<meta name=\"twitter:card\" content=\"summary_large_image\" \/>\n<script type=\"application\/ld+json\" class=\"yoast-schema-graph\">{\"@context\":\"https:\/\/schema.org\",\"@graph\":[{\"@type\":\"WebPage\",\"@id\":\"https:\/\/nitesco.it\/de\/iscrizione-newsletter\/\",\"url\":\"https:\/\/nitesco.it\/de\/iscrizione-newsletter\/\",\"name\":\"Newsletter-Abonnement - Nitesco\",\"isPartOf\":{\"@id\":\"https:\/\/nitesco.it\/#website\"},\"datePublished\":\"2025-08-04T13:00:08+00:00\",\"dateModified\":\"2026-04-03T15:50:52+00:00\",\"breadcrumb\":{\"@id\":\"https:\/\/nitesco.it\/de\/iscrizione-newsletter\/#breadcrumb\"},\"inLanguage\":\"de\",\"potentialAction\":[{\"@type\":\"ReadAction\",\"target\":[\"https:\/\/nitesco.it\/de\/iscrizione-newsletter\/\"]}]},{\"@type\":\"BreadcrumbList\",\"@id\":\"https:\/\/nitesco.it\/de\/iscrizione-newsletter\/#breadcrumb\",\"itemListElement\":[{\"@type\":\"ListItem\",\"position\":1,\"name\":\"Home\",\"item\":\"https:\/\/nitesco.it\/de\/home\/\"},{\"@type\":\"ListItem\",\"position\":2,\"name\":\"Newsletter-Abonnement\"}]},{\"@type\":\"WebSite\",\"@id\":\"https:\/\/nitesco.it\/#website\",\"url\":\"https:\/\/nitesco.it\/\",\"name\":\"Nitesco\",\"description\":\"Contract per Horeca\",\"publisher\":{\"@id\":\"https:\/\/nitesco.it\/#organization\"},\"potentialAction\":[{\"@type\":\"SearchAction\",\"target\":{\"@type\":\"EntryPoint\",\"urlTemplate\":\"https:\/\/nitesco.it\/?s={search_term_string}\"},\"query-input\":{\"@type\":\"PropertyValueSpecification\",\"valueRequired\":true,\"valueName\":\"search_term_string\"}}],\"inLanguage\":\"de\"},{\"@type\":\"Organization\",\"@id\":\"https:\/\/nitesco.it\/#organization\",\"name\":\"Nitesco International S.p.A.\",\"url\":\"https:\/\/nitesco.it\/\",\"logo\":{\"@type\":\"ImageObject\",\"inLanguage\":\"de\",\"@id\":\"https:\/\/nitesco.it\/#\/schema\/logo\/image\/\",\"url\":\"https:\/\/nitesco.it\/wp-content\/uploads\/2021\/02\/Logo-Nitesco-e1736502433956.png\",\"contentUrl\":\"https:\/\/nitesco.it\/wp-content\/uploads\/2021\/02\/Logo-Nitesco-e1736502433956.png\",\"width\":249,\"height\":45,\"caption\":\"Nitesco International S.p.A.\"},\"image\":{\"@id\":\"https:\/\/nitesco.it\/#\/schema\/logo\/image\/\"},\"sameAs\":[\"https:\/\/www.facebook.com\/Nitesco\",\"https:\/\/www.instagram.com\/nitesco.it\/\",\"https:\/\/www.linkedin.com\/company\/nitesco-international-spa\/\"]}]}<\/script>\n<!-- \/ Yoast SEO plugin. -->","yoast_head_json":{"title":"Newsletter-Abonnement - Nitesco","robots":{"index":"index","follow":"follow","max-snippet":"max-snippet:-1","max-image-preview":"max-image-preview:large","max-video-preview":"max-video-preview:-1"},"canonical":"https:\/\/nitesco.it\/de\/iscrizione-newsletter\/","og_locale":"de_DE","og_type":"article","og_title":"Newsletter-Abonnement - Nitesco","og_description":"Abonnieren Sie den Newsletter Alle Neuigkeiten aus der Welt von Nitesco, f\u00fcr das Wachstum Ihres Unternehmens Registrieren Sie sich Abonnieren Sie den Newsletter Alle Neuigkeiten aus der Welt von Nitesco, f\u00fcr das Wachstum Ihres Unternehmens Registrieren Sie sich Anmeldeformular Anmeldeformular Zur\u00fcck zur Startseite der Website","og_url":"https:\/\/nitesco.it\/de\/iscrizione-newsletter\/","og_site_name":"Nitesco","article_publisher":"https:\/\/www.facebook.com\/Nitesco","article_modified_time":"2026-04-03T15:50:52+00:00","twitter_card":"summary_large_image","schema":{"@context":"https:\/\/schema.org","@graph":[{"@type":"WebPage","@id":"https:\/\/nitesco.it\/de\/iscrizione-newsletter\/","url":"https:\/\/nitesco.it\/de\/iscrizione-newsletter\/","name":"Newsletter-Abonnement - Nitesco","isPartOf":{"@id":"https:\/\/nitesco.it\/#website"},"datePublished":"2025-08-04T13:00:08+00:00","dateModified":"2026-04-03T15:50:52+00:00","breadcrumb":{"@id":"https:\/\/nitesco.it\/de\/iscrizione-newsletter\/#breadcrumb"},"inLanguage":"de","potentialAction":[{"@type":"ReadAction","target":["https:\/\/nitesco.it\/de\/iscrizione-newsletter\/"]}]},{"@type":"BreadcrumbList","@id":"https:\/\/nitesco.it\/de\/iscrizione-newsletter\/#breadcrumb","itemListElement":[{"@type":"ListItem","position":1,"name":"Home","item":"https:\/\/nitesco.it\/de\/home\/"},{"@type":"ListItem","position":2,"name":"Newsletter-Abonnement"}]},{"@type":"WebSite","@id":"https:\/\/nitesco.it\/#website","url":"https:\/\/nitesco.it\/","name":"Nitesco","description":"Contract per Horeca","publisher":{"@id":"https:\/\/nitesco.it\/#organization"},"potentialAction":[{"@type":"SearchAction","target":{"@type":"EntryPoint","urlTemplate":"https:\/\/nitesco.it\/?s={search_term_string}"},"query-input":{"@type":"PropertyValueSpecification","valueRequired":true,"valueName":"search_term_string"}}],"inLanguage":"de"},{"@type":"Organization","@id":"https:\/\/nitesco.it\/#organization","name":"Nitesco International S.p.A.","url":"https:\/\/nitesco.it\/","logo":{"@type":"ImageObject","inLanguage":"de","@id":"https:\/\/nitesco.it\/#\/schema\/logo\/image\/","url":"https:\/\/nitesco.it\/wp-content\/uploads\/2021\/02\/Logo-Nitesco-e1736502433956.png","contentUrl":"https:\/\/nitesco.it\/wp-content\/uploads\/2021\/02\/Logo-Nitesco-e1736502433956.png","width":249,"height":45,"caption":"Nitesco International S.p.A."},"image":{"@id":"https:\/\/nitesco.it\/#\/schema\/logo\/image\/"},"sameAs":["https:\/\/www.facebook.com\/Nitesco","https:\/\/www.instagram.com\/nitesco.it\/","https:\/\/www.linkedin.com\/company\/nitesco-international-spa\/"]}]}},"_links":{"self":[{"href":"https:\/\/nitesco.it\/de\/wp-json\/wp\/v2\/pages\/45640","targetHints":{"allow":["GET"]}}],"collection":[{"href":"https:\/\/nitesco.it\/de\/wp-json\/wp\/v2\/pages"}],"about":[{"href":"https:\/\/nitesco.it\/de\/wp-json\/wp\/v2\/types\/page"}],"author":[{"embeddable":true,"href":"https:\/\/nitesco.it\/de\/wp-json\/wp\/v2\/users\/8"}],"replies":[{"embeddable":true,"href":"https:\/\/nitesco.it\/de\/wp-json\/wp\/v2\/comments?post=45640"}],"version-history":[{"count":1,"href":"https:\/\/nitesco.it\/de\/wp-json\/wp\/v2\/pages\/45640\/revisions"}],"predecessor-version":[{"id":45645,"href":"https:\/\/nitesco.it\/de\/wp-json\/wp\/v2\/pages\/45640\/revisions\/45645"}],"wp:attachment":[{"href":"https:\/\/nitesco.it\/de\/wp-json\/wp\/v2\/media?parent=45640"}],"curies":[{"name":"wp","href":"https:\/\/api.w.org\/{rel}","templated":true}]}}