{"id":40769,"date":"2021-04-08T05:49:52","date_gmt":"2021-04-08T03:49:52","guid":{"rendered":"https:\/\/nitesco.it\/termini\/"},"modified":"2025-07-18T16:39:37","modified_gmt":"2025-07-18T14:39:37","slug":"termini","status":"publish","type":"page","link":"https:\/\/nitesco.it\/de\/termini\/","title":{"rendered":"Bedingungen und Konditionen"},"content":{"rendered":"\t\t<div data-elementor-type=\"wp-page\" data-elementor-id=\"40769\" class=\"elementor elementor-40769 elementor-6219\" data-elementor-post-type=\"page\">\n\t\t\t\t\t\t<section class=\"elementor-section elementor-top-section elementor-element elementor-element-ccc54cc elementor-section-boxed elementor-section-height-default elementor-section-height-default\" data-id=\"ccc54cc\" data-element_type=\"section\">\n\t\t\t\t\t\t<div class=\"elementor-container elementor-column-gap-default\">\n\t\t\t\t\t<div class=\"elementor-column elementor-col-100 elementor-top-column elementor-element elementor-element-d62d712\" data-id=\"d62d712\" data-element_type=\"column\">\n\t\t\t<div class=\"elementor-widget-wrap elementor-element-populated\">\n\t\t\t\t\t\t<div class=\"elementor-element elementor-element-d80e498 elementor-widget elementor-widget-text-editor\" data-id=\"d80e498\" data-element_type=\"widget\" data-widget_type=\"text-editor.default\">\n\t\t\t\t\t\t\t\t\t\u00dcber uns \/ <strong>Bedingungen und Konditionen<\/strong>\t\t\t\t\t\t\t\t<\/div>\n\t\t\t\t\t<\/div>\n\t\t<\/div>\n\t\t\t\t\t<\/div>\n\t\t<\/section>\n\t\t\t\t<section class=\"elementor-section elementor-top-section elementor-element elementor-element-764c594 elementor-section-boxed elementor-section-height-default elementor-section-height-default\" data-id=\"764c594\" data-element_type=\"section\">\n\t\t\t\t\t\t<div class=\"elementor-container elementor-column-gap-default\">\n\t\t\t\t\t<div class=\"elementor-column elementor-col-100 elementor-top-column elementor-element elementor-element-d956c14\" data-id=\"d956c14\" data-element_type=\"column\">\n\t\t\t<div class=\"elementor-widget-wrap elementor-element-populated\">\n\t\t\t\t\t\t<div class=\"elementor-element elementor-element-a96ae60 elementor-widget elementor-widget-heading\" data-id=\"a96ae60\" data-element_type=\"widget\" data-widget_type=\"heading.default\">\n\t\t\t\t\t<h1 class=\"elementor-heading-title elementor-size-default\"><span style=\"color:#000000\">Bedingungen und<\/span> Konditionen<\/h1>\t\t\t\t<\/div>\n\t\t\t\t\t<\/div>\n\t\t<\/div>\n\t\t\t\t\t<\/div>\n\t\t<\/section>\n\t\t\t\t<section class=\"elementor-section elementor-top-section elementor-element elementor-element-b6894a4 elementor-section-boxed elementor-section-height-default elementor-section-height-default\" data-id=\"b6894a4\" data-element_type=\"section\">\n\t\t\t\t\t\t<div class=\"elementor-container elementor-column-gap-default\">\n\t\t\t\t\t<div class=\"elementor-column elementor-col-100 elementor-top-column elementor-element elementor-element-56fe33b\" data-id=\"56fe33b\" data-element_type=\"column\">\n\t\t\t<div class=\"elementor-widget-wrap elementor-element-populated\">\n\t\t\t\t\t\t<div class=\"elementor-element elementor-element-253f218 elementor-widget elementor-widget-text-editor\" data-id=\"253f218\" data-element_type=\"widget\" data-widget_type=\"text-editor.default\">\n\t\t\t\t\t\t\t\t\t<strong>1.<\/strong> Diese Richtlinie gilt f\u00fcr die Inhalte, die ohne Registrierung \u00fcber die Website www.nitesco.it (im Folgenden: &#8222;Website&#8220;) des Unternehmens Nitesco International srl mit Sitz in Via Montenapoleone 8 &#8211; Mailand (MI) (im Folgenden: &#8222;NITESCO&#8220;) zug\u00e4nglich sind (im Folgenden: &#8222;Inhalte&#8220;).\n<br><br><strong>2.<\/strong> Die Website stellt keine Zeitung dar und ist kein redaktionelles Produkt, hat keinen periodischen Charakter und wird auf der Grundlage der v\u00f6llig freien Entscheidung von NITESCO aktualisiert.\n<br><br><strong>3.<\/strong> Die Inhalte werden nach bestem Wissen und Gewissen bearbeitet, um sie so fehlerfrei wie m\u00f6glich zu machen, aber wir garantieren nicht, dass es keine Ungenauigkeiten oder Falschaussagen gibt, selbst wenn sie aktualisiert wurden. Dar\u00fcber hinaus beh\u00e4lt sich NITESCO das Recht vor, nach eigenem Ermessen jederzeit und ohne vorherige Ank\u00fcndigung Inhalte zu \u00e4ndern, hinzuzuf\u00fcgen oder zu entfernen sowie den Zugang zur Website oder zu den Inhalten auszusetzen, zu beenden oder zu beschr\u00e4nken. \n<br><br><strong>4.<\/strong> Der Zugriff auf die Website ist kostenlos und fakultativ, und der Benutzer erkl\u00e4rt sich durch das Navigieren auf den entsprechenden Seiten damit einverstanden, sich allen in Italien geltenden Vorschriften zu unterwerfen, soweit diese anwendbar sind. Es wird insbesondere darauf hingewiesen, dass: \n<br><br><strong>5.<\/strong> Alle Inhalte der Website sind durch die geltenden Urheberrechtsgesetze (Gesetz Nr. 633 von 1941) gesch\u00fctzt. Der Nutzer hat nicht das Recht, sich die Inhalte der Website anzueignen, zu vervielf\u00e4ltigen, zu ver\u00e4ndern, zu \u00fcbersetzen, zu verbreiten, in irgendeiner Form neu zu ver\u00f6ffentlichen, auch nicht teilweise, oder die Inhalte der Website f\u00fcr berufliche Zwecke und\/oder im Zusammenhang mit seiner eigenen beruflichen T\u00e4tigkeit oder der anderer zu nutzen. \n<br><br><strong>6.<\/strong> Insbesondere ist jede Nutzung der auf der Website ver\u00f6ffentlichten Daten, Informationen und Bilder zu beruflichen Zwecken und\/oder im Zusammenhang mit eigenen oder fremden beruflichen T\u00e4tigkeiten durch ihre vollst\u00e4ndige und\/oder teilweise Wiedergabe auf anderen Internetseiten, insbesondere auf solchen, die \u00e4hnliche von NITESCO angebotene Dienstleistungen und Produkte anbieten, und ganz allgemein durch andere Kommunikationsmittel, ausdr\u00fccklich untersagt.\n<br><br><strong>7.<\/strong> Andererseits bleibt die Nutzbarkeit der Inhalte f\u00fcr pers\u00f6nliche Zwecke frei, sofern die Pers\u00f6nlichkeitsrechte und\/oder Eigentumsrechte der rechtm\u00e4\u00dfigen Eigent\u00fcmer der einzelnen Inhalte nicht verletzt werden.\n<br><br><strong>8.<\/strong> Die auf der Website vorhandenen Marken und\/oder sonstigen Kennzeichen sind Eigentum von NITESCO und\/oder Dritten und d\u00fcrfen in keinem Fall und aus keinem Grund ohne die schriftliche Genehmigung der jeweiligen Eigent\u00fcmer verwendet werden. Es ist daher untersagt, die Marken und\/oder Kennzeichen, die Eigentum von NITESCO und\/oder Dritten sind, in irgendeiner Form oder Art und Weise zu verwenden, einschlie\u00dflich, als Beispiel, aber nicht beschr\u00e4nkt auf, als Benutzername und\/oder Domain-Name mit einer beliebigen Erweiterung, auch auf zweiter und\/oder weiterer Ebene. \n<br><br><strong>9.<\/strong> Die Dokumentation, Bilder, Schriftarten, Grafiken, Software und andere Inhalte der Website sowie alle Codes und Formatskripte zur Implementierung der Website sind Eigentum von NITESCO und\/oder Dritten und durch die jeweils geltenden Vorschriften gesch\u00fctzt.\n<br><br><strong>10.<\/strong> Sie erkennen an, dass die Nutzung der Website in Ihrem alleinigen und ausschlie\u00dflichen Ermessen liegt. Der Inhalt wird &#8222;wie besehen&#8220; und &#8222;wie verf\u00fcgbar&#8220; bereitgestellt. Jegliche ausdr\u00fcckliche und\/oder stillschweigende Gew\u00e4hrleistung seitens NITESCO ist ausdr\u00fccklich ausgeschlossen. NITESCO garantiert nicht, dass die Inhalte Ihren Anforderungen entsprechen oder dass sie ohne Unterbrechung, rechtzeitig und frei von Ungenauigkeiten bereitgestellt werden oder dass Fehler jeglicher Art korrigiert werden.   \n<br><br><strong>11.<\/strong> Keine Hinweise, Ratschl\u00e4ge oder Informationen, ob schriftlich oder m\u00fcndlich, die Ihnen von NITESCO gegeben werden oder die Sie durch oder \u00fcber den gesamten oder einen Teil des Inhalts erhalten, stellen eine Garantie dar.\n<br><br><strong>12.<\/strong> Die Website kann Links zu Internetseiten enthalten, die von Dritten betrieben werden, f\u00fcr deren Inhalt NITESCO jedoch nicht haftet. Die Aufnahme solcher Links in die Website bedeutet nicht, dass NITESCO irgendeine Verbindung zu den Betreibern dieser Websites anerkennt. \n<br><br><strong>13.<\/strong> Die Beziehung zwischen NITESCO und dem Nutzer kann in keinem Fall als eine beratende und\/oder berufliche Beziehung angesehen werden.\n<br><br><strong>14.<\/strong> Nur die Startseite der Website darf frei verlinkt werden, und NITESCO muss durch eine E-Mail an <a href=\"mailto:info@nitesco.it\">info@nitesco.it auf diesen Umstand aufmerksam gemacht werden .<\/a> Hingegen ist es ausdr\u00fccklich verboten, die Website durch Framing, Deep Linking oder Mirroring sichtbar zu machen, es sei denn, Sie haben vorher eine schriftliche Genehmigung eingeholt, indem Sie eine E-Mail an NITESCO unter <a href=\"mailto:info@nitesco.it\">info@nitesco.it geschickt haben.<\/a> \n<br><br><strong>15.<\/strong> Die Website verwendet automatische Systeme zur Erfassung von Informationen \u00fcber den Benutzer, wie z. B. Web-Beacons und Cookies, die ausschlie\u00dflich dazu dienen, die Navigation zu erleichtern.\t\t\t\t\t\t\t\t<\/div>\n\t\t\t\t\t<\/div>\n\t\t<\/div>\n\t\t\t\t\t<\/div>\n\t\t<\/section>\n\t\t\t\t<\/div>\n\t\t","protected":false},"excerpt":{"rendered":"<p>\u00dcber uns \/ Bedingungen und Konditionen Bedingungen und Konditionen 1. Diese Richtlinie gilt f\u00fcr die Inhalte, die ohne Registrierung \u00fcber die Website www.nitesco.it (im Folgenden: &#8222;Website&#8220;) des Unternehmens Nitesco International srl mit Sitz in Via Montenapoleone 8 &#8211; Mailand (MI) (im Folgenden: &#8222;NITESCO&#8220;) zug\u00e4nglich sind (im Folgenden: &#8222;Inhalte&#8220;). 2. Die Website stellt keine Zeitung dar [&hellip;]<\/p>\n","protected":false},"author":8,"featured_media":0,"parent":0,"menu_order":0,"comment_status":"closed","ping_status":"closed","template":"elementor_header_footer","meta":{"footnotes":""},"class_list":["post-40769","page","type-page","status-publish","hentry"],"yoast_head":"<!-- This site is optimized with the Yoast SEO plugin v26.3 - https:\/\/yoast.com\/wordpress\/plugins\/seo\/ -->\n<title>Bedingungen und Konditionen - Nitesco<\/title>\n<meta name=\"robots\" content=\"index, follow, max-snippet:-1, max-image-preview:large, max-video-preview:-1\" \/>\n<link rel=\"canonical\" href=\"https:\/\/nitesco.it\/de\/termini\/\" \/>\n<meta property=\"og:locale\" content=\"de_DE\" \/>\n<meta property=\"og:type\" content=\"article\" \/>\n<meta property=\"og:title\" content=\"Bedingungen und Konditionen - Nitesco\" \/>\n<meta property=\"og:description\" content=\"\u00dcber uns \/ Bedingungen und Konditionen Bedingungen und Konditionen 1. Diese Richtlinie gilt f\u00fcr die Inhalte, die ohne Registrierung \u00fcber die Website www.nitesco.it (im Folgenden: &#8222;Website&#8220;) des Unternehmens Nitesco International srl mit Sitz in Via Montenapoleone 8 &#8211; Mailand (MI) (im Folgenden: &#8222;NITESCO&#8220;) zug\u00e4nglich sind (im Folgenden: &#8222;Inhalte&#8220;). 2. Die Website stellt keine Zeitung dar [&hellip;]\" \/>\n<meta property=\"og:url\" content=\"https:\/\/nitesco.it\/de\/termini\/\" \/>\n<meta property=\"og:site_name\" content=\"Nitesco\" \/>\n<meta property=\"article:publisher\" content=\"https:\/\/www.facebook.com\/Nitesco\" \/>\n<meta property=\"article:modified_time\" content=\"2025-07-18T14:39:37+00:00\" \/>\n<meta name=\"twitter:card\" content=\"summary_large_image\" \/>\n<meta name=\"twitter:label1\" content=\"Gesch\u00e4tzte Lesezeit\" \/>\n\t<meta name=\"twitter:data1\" content=\"4 Minuten\" \/>\n<script type=\"application\/ld+json\" class=\"yoast-schema-graph\">{\"@context\":\"https:\/\/schema.org\",\"@graph\":[{\"@type\":\"WebPage\",\"@id\":\"https:\/\/nitesco.it\/de\/termini\/\",\"url\":\"https:\/\/nitesco.it\/de\/termini\/\",\"name\":\"Bedingungen und Konditionen - Nitesco\",\"isPartOf\":{\"@id\":\"https:\/\/nitesco.it\/#website\"},\"datePublished\":\"2021-04-08T03:49:52+00:00\",\"dateModified\":\"2025-07-18T14:39:37+00:00\",\"breadcrumb\":{\"@id\":\"https:\/\/nitesco.it\/de\/termini\/#breadcrumb\"},\"inLanguage\":\"de\",\"potentialAction\":[{\"@type\":\"ReadAction\",\"target\":[\"https:\/\/nitesco.it\/de\/termini\/\"]}]},{\"@type\":\"BreadcrumbList\",\"@id\":\"https:\/\/nitesco.it\/de\/termini\/#breadcrumb\",\"itemListElement\":[{\"@type\":\"ListItem\",\"position\":1,\"name\":\"Home\",\"item\":\"https:\/\/nitesco.it\/de\/home\/\"},{\"@type\":\"ListItem\",\"position\":2,\"name\":\"Bedingungen und Konditionen\"}]},{\"@type\":\"WebSite\",\"@id\":\"https:\/\/nitesco.it\/#website\",\"url\":\"https:\/\/nitesco.it\/\",\"name\":\"Nitesco\",\"description\":\"Contract per Horeca\",\"publisher\":{\"@id\":\"https:\/\/nitesco.it\/#organization\"},\"potentialAction\":[{\"@type\":\"SearchAction\",\"target\":{\"@type\":\"EntryPoint\",\"urlTemplate\":\"https:\/\/nitesco.it\/?s={search_term_string}\"},\"query-input\":{\"@type\":\"PropertyValueSpecification\",\"valueRequired\":true,\"valueName\":\"search_term_string\"}}],\"inLanguage\":\"de\"},{\"@type\":\"Organization\",\"@id\":\"https:\/\/nitesco.it\/#organization\",\"name\":\"Nitesco International S.p.A.\",\"url\":\"https:\/\/nitesco.it\/\",\"logo\":{\"@type\":\"ImageObject\",\"inLanguage\":\"de\",\"@id\":\"https:\/\/nitesco.it\/#\/schema\/logo\/image\/\",\"url\":\"https:\/\/nitesco.it\/wp-content\/uploads\/2021\/02\/Logo-Nitesco-e1736502433956.png\",\"contentUrl\":\"https:\/\/nitesco.it\/wp-content\/uploads\/2021\/02\/Logo-Nitesco-e1736502433956.png\",\"width\":249,\"height\":45,\"caption\":\"Nitesco International S.p.A.\"},\"image\":{\"@id\":\"https:\/\/nitesco.it\/#\/schema\/logo\/image\/\"},\"sameAs\":[\"https:\/\/www.facebook.com\/Nitesco\",\"https:\/\/www.instagram.com\/nitesco.it\/\",\"https:\/\/www.linkedin.com\/company\/nitesco-international-spa\/\"]}]}<\/script>\n<!-- \/ Yoast SEO plugin. -->","yoast_head_json":{"title":"Bedingungen und Konditionen - Nitesco","robots":{"index":"index","follow":"follow","max-snippet":"max-snippet:-1","max-image-preview":"max-image-preview:large","max-video-preview":"max-video-preview:-1"},"canonical":"https:\/\/nitesco.it\/de\/termini\/","og_locale":"de_DE","og_type":"article","og_title":"Bedingungen und Konditionen - Nitesco","og_description":"\u00dcber uns \/ Bedingungen und Konditionen Bedingungen und Konditionen 1. Diese Richtlinie gilt f\u00fcr die Inhalte, die ohne Registrierung \u00fcber die Website www.nitesco.it (im Folgenden: &#8222;Website&#8220;) des Unternehmens Nitesco International srl mit Sitz in Via Montenapoleone 8 &#8211; Mailand (MI) (im Folgenden: &#8222;NITESCO&#8220;) zug\u00e4nglich sind (im Folgenden: &#8222;Inhalte&#8220;). 2. Die Website stellt keine Zeitung dar [&hellip;]","og_url":"https:\/\/nitesco.it\/de\/termini\/","og_site_name":"Nitesco","article_publisher":"https:\/\/www.facebook.com\/Nitesco","article_modified_time":"2025-07-18T14:39:37+00:00","twitter_card":"summary_large_image","twitter_misc":{"Gesch\u00e4tzte Lesezeit":"4 Minuten"},"schema":{"@context":"https:\/\/schema.org","@graph":[{"@type":"WebPage","@id":"https:\/\/nitesco.it\/de\/termini\/","url":"https:\/\/nitesco.it\/de\/termini\/","name":"Bedingungen und Konditionen - Nitesco","isPartOf":{"@id":"https:\/\/nitesco.it\/#website"},"datePublished":"2021-04-08T03:49:52+00:00","dateModified":"2025-07-18T14:39:37+00:00","breadcrumb":{"@id":"https:\/\/nitesco.it\/de\/termini\/#breadcrumb"},"inLanguage":"de","potentialAction":[{"@type":"ReadAction","target":["https:\/\/nitesco.it\/de\/termini\/"]}]},{"@type":"BreadcrumbList","@id":"https:\/\/nitesco.it\/de\/termini\/#breadcrumb","itemListElement":[{"@type":"ListItem","position":1,"name":"Home","item":"https:\/\/nitesco.it\/de\/home\/"},{"@type":"ListItem","position":2,"name":"Bedingungen und Konditionen"}]},{"@type":"WebSite","@id":"https:\/\/nitesco.it\/#website","url":"https:\/\/nitesco.it\/","name":"Nitesco","description":"Contract per Horeca","publisher":{"@id":"https:\/\/nitesco.it\/#organization"},"potentialAction":[{"@type":"SearchAction","target":{"@type":"EntryPoint","urlTemplate":"https:\/\/nitesco.it\/?s={search_term_string}"},"query-input":{"@type":"PropertyValueSpecification","valueRequired":true,"valueName":"search_term_string"}}],"inLanguage":"de"},{"@type":"Organization","@id":"https:\/\/nitesco.it\/#organization","name":"Nitesco International S.p.A.","url":"https:\/\/nitesco.it\/","logo":{"@type":"ImageObject","inLanguage":"de","@id":"https:\/\/nitesco.it\/#\/schema\/logo\/image\/","url":"https:\/\/nitesco.it\/wp-content\/uploads\/2021\/02\/Logo-Nitesco-e1736502433956.png","contentUrl":"https:\/\/nitesco.it\/wp-content\/uploads\/2021\/02\/Logo-Nitesco-e1736502433956.png","width":249,"height":45,"caption":"Nitesco International S.p.A."},"image":{"@id":"https:\/\/nitesco.it\/#\/schema\/logo\/image\/"},"sameAs":["https:\/\/www.facebook.com\/Nitesco","https:\/\/www.instagram.com\/nitesco.it\/","https:\/\/www.linkedin.com\/company\/nitesco-international-spa\/"]}]}},"_links":{"self":[{"href":"https:\/\/nitesco.it\/de\/wp-json\/wp\/v2\/pages\/40769","targetHints":{"allow":["GET"]}}],"collection":[{"href":"https:\/\/nitesco.it\/de\/wp-json\/wp\/v2\/pages"}],"about":[{"href":"https:\/\/nitesco.it\/de\/wp-json\/wp\/v2\/types\/page"}],"author":[{"embeddable":true,"href":"https:\/\/nitesco.it\/de\/wp-json\/wp\/v2\/users\/8"}],"replies":[{"embeddable":true,"href":"https:\/\/nitesco.it\/de\/wp-json\/wp\/v2\/comments?post=40769"}],"version-history":[{"count":0,"href":"https:\/\/nitesco.it\/de\/wp-json\/wp\/v2\/pages\/40769\/revisions"}],"wp:attachment":[{"href":"https:\/\/nitesco.it\/de\/wp-json\/wp\/v2\/media?parent=40769"}],"curies":[{"name":"wp","href":"https:\/\/api.w.org\/{rel}","templated":true}]}}